{"id":442,"date":"2024-11-25T13:25:59","date_gmt":"2024-11-25T12:25:59","guid":{"rendered":"https:\/\/vegme.se\/?page_id=442"},"modified":"2024-11-25T13:27:09","modified_gmt":"2024-11-25T12:27:09","slug":"grillade-veganska-smashburgare-med-tryffelcreme","status":"publish","type":"page","link":"https:\/\/vegme.se\/en\/recept\/grillade-veganska-smashburgare-med-tryffelcreme\/","title":{"rendered":"Grillade, veganska smashburgare med tryffelcr\u00e9me"},"content":{"rendered":"<p>[et_pb_section fb_built=&#8221;1&#8243; _builder_version=&#8221;4.27.3&#8243; _module_preset=&#8221;default&#8221; global_colors_info=&#8221;{}&#8221; locked=&#8221;off&#8221; theme_builder_area=&#8221;post_content&#8221;][et_pb_row _builder_version=&#8221;4.27.3&#8243; _module_preset=&#8221;default&#8221; border_width_bottom=&#8221;1px&#8221; border_color_bottom=&#8221;#dddddd&#8221; global_colors_info=&#8221;{}&#8221; theme_builder_area=&#8221;post_content&#8221;][et_pb_column type=&#8221;4_4&#8243; _builder_version=&#8221;4.27.3&#8243; _module_preset=&#8221;default&#8221; global_colors_info=&#8221;{}&#8221; theme_builder_area=&#8221;post_content&#8221;][et_pb_text _builder_version=&#8221;4.27.3&#8243; _dynamic_attributes=&#8221;content&#8221; _module_preset=&#8221;default&#8221; header_text_align=&#8221;center&#8221; global_colors_info=&#8221;{}&#8221; theme_builder_area=&#8221;post_content&#8221;]@ET-DC@eyJkeW5hbWljIjp0cnVlLCJjb250ZW50IjoicG9zdF90aXRsZSIsInNldHRpbmdzIjp7ImJlZm9yZSI6IjxoMT4iLCJhZnRlciI6IjwvaDE+In19@[\/et_pb_text][\/et_pb_column][\/et_pb_row][et_pb_row column_structure=&#8221;1_2,1_2&#8243; gutter_width=&#8221;2&#8243; _builder_version=&#8221;4.27.3&#8243; _module_preset=&#8221;default&#8221; global_colors_info=&#8221;{}&#8221; theme_builder_area=&#8221;post_content&#8221;][et_pb_column type=&#8221;1_2&#8243; _builder_version=&#8221;4.27.3&#8243; _module_preset=&#8221;default&#8221; global_colors_info=&#8221;{}&#8221; theme_builder_area=&#8221;post_content&#8221;][et_pb_image src=&#8221;https:\/\/vegme.se\/wp-content\/uploads\/2024\/11\/VegMe_Recept_Burgare.jpg&#8221; title_text=&#8221;VegMe_Recept_Burgare&#8221; _builder_version=&#8221;4.27.3&#8243; _module_preset=&#8221;default&#8221; hover_enabled=&#8221;0&#8243; global_colors_info=&#8221;{}&#8221; theme_builder_area=&#8221;post_content&#8221; sticky_enabled=&#8221;0&#8243;][\/et_pb_image][\/et_pb_column][et_pb_column type=&#8221;1_2&#8243; _builder_version=&#8221;4.27.3&#8243; _module_preset=&#8221;default&#8221; global_colors_info=&#8221;{}&#8221; theme_builder_area=&#8221;post_content&#8221;][et_pb_code _builder_version=&#8221;4.27.3&#8243; _module_preset=&#8221;default&#8221; global_colors_info=&#8221;{}&#8221; theme_builder_area=&#8221;post_content&#8221;]<!-- LikeBtn.com BEGIN --><span class=\"likebtn-wrapper\"  data-identifier=\"page_442\"  data-site_id=\"6744578e6fd08bb0055e7823\"  data-theme=\"custom\"  data-icon_l=\"hrt3\"  data-icon_size=\"20\"  data-icon_l_c=\"#dddddd\"  data-icon_l_c_v=\"#cb5199\"  data-label_c=\"#dddddd\"  data-label_c_v=\"#cb5199\"  data-counter_l_c=\"#dddddd\"  data-bg_c=\"#ffffff\"  data-brdr_c=\"#dddddd\"  data-show_like_label=\"false\"  data-dislike_enabled=\"false\"  data-icon_dislike_show=\"false\"  data-white_label=\"true\"  data-i18n_like=\"Love this\"  data-item_url=\"https:\/\/vegme.se\/en\/recept\/grillade-veganska-smashburgare-med-tryffelcreme\/\"  data-item_title=\"Grillade, veganska smashburgare med tryffelcr\u00e9me\"  data-item_date=\"2024-11-25T13:25:59+01:00\"  data-engine=\"WordPress\"  data-plugin_v=\"2.6.59\"  data-prx=\"https:\/\/vegme.se\/wp-admin\/admin-ajax.php?action=likebtn_prx\"  data-event_handler=\"likebtn_eh\" ><\/span><!-- LikeBtn.com END -->[\/et_pb_code][et_pb_text _builder_version=&#8221;4.27.3&#8243; _module_preset=&#8221;default&#8221; hover_enabled=&#8221;0&#8243; global_colors_info=&#8221;{}&#8221; theme_builder_area=&#8221;post_content&#8221; sticky_enabled=&#8221;0&#8243;]Med smashburgare f\u00e5r du en stor, krispig stekyta som ger mycket smak. Servera med en tryffelcr\u00e8me gjord p\u00e5 VegMe Majonn\u00e4s och du \u00e4r i burger heaven!<\/p>\n<p>8 portioner<\/p>\n<p>4 VegMe Burgare av \u00e4rta och quinoa<br \/>\n8 hamburgerbr\u00f6d<br \/>\n8 skivor veganost<br \/>\n1 salladshuvud<br \/>\n2 silverl\u00f6k eller gul l\u00f6k<br \/>\n4 jalape\u00f1os i skivor<br \/>\n1 VegMe Majonn\u00e4s<br \/>\ntryffelolja<br \/>\ndijonsenap<\/p>\n<p>Tryck ut, smasha, burgarna s\u00e5 dom blir lite plattare och st\u00f6rre. Skala och skiva l\u00f6ken. Sm\u00e4lt socker i en kastrull tills den blir gyllene, tills\u00e4tt sedan l\u00f6k och l\u00e5t den bli karamelliserad. Smaka av med salt och peppar.<\/p>\n<p>Smaks\u00e4tt VegMe Majonn\u00e4s med tryffelolja och dijonsenap. Grilla burgarna och l\u00e4gg p\u00e5 veganosten i slutet s\u00e5 den sm\u00e4lter.<\/p>\n<p>L\u00e4gg ut br\u00f6den och klicka p\u00e5 tryffelmajonn\u00e4sen, montera d\u00e4refter sallad och qunioaburgaren med veganost. Toppa med karamelliserad l\u00f6k och jalape\u00f1os. Servera med pommes.[\/et_pb_text][\/et_pb_column][\/et_pb_row][\/et_pb_section]<\/p>\n<div class=\"likebtn_container\" style=\"\"><!-- LikeBtn.com BEGIN --><span class=\"likebtn-wrapper\"  data-identifier=\"page_442\"  data-site_id=\"6744578e6fd08bb0055e7823\"  data-style=\"\"  data-unlike_allowed=\"\"  data-show_copyright=\"\"  data-item_url=\"https:\/\/vegme.se\/en\/recept\/grillade-veganska-smashburgare-med-tryffelcreme\/\"  data-item_title=\"Grillade, veganska smashburgare med tryffelcr\u00e9me\"  data-item_date=\"2024-11-25T13:25:59+01:00\"  data-engine=\"WordPress\"  data-plugin_v=\"2.6.59\"  data-prx=\"https:\/\/vegme.se\/wp-admin\/admin-ajax.php?action=likebtn_prx\"  data-event_handler=\"likebtn_eh\" ><\/span><!-- LikeBtn.com END --><\/div>","protected":false},"excerpt":{"rendered":"<p><!-- LikeBtn.com BEGIN --><span class=\"likebtn-wrapper\"  data-identifier=\"page_442\"  data-site_id=\"6744578e6fd08bb0055e7823\"  data-theme=\"custom\"  data-icon_l=\"hrt3\"  data-icon_size=\"20\"  data-icon_l_c=\"#dddddd\"  data-icon_l_c_v=\"#cb5199\"  data-label_c=\"#dddddd\"  data-label_c_v=\"#cb5199\"  data-counter_l_c=\"#dddddd\"  data-bg_c=\"#ffffff\"  data-brdr_c=\"#dddddd\"  data-show_like_label=\"false\"  data-dislike_enabled=\"false\"  data-icon_dislike_show=\"false\"  data-white_label=\"true\"  data-i18n_like=\"Love this\"  data-item_url=\"https:\/\/vegme.se\/en\/recept\/grillade-veganska-smashburgare-med-tryffelcreme\/\"  data-item_title=\"Grillade, veganska smashburgare med tryffelcr\u00e9me\"  data-item_date=\"2024-11-25T13:25:59+01:00\"  data-engine=\"WordPress\"  data-plugin_v=\"2.6.59\"  data-prx=\"https:\/\/vegme.se\/wp-admin\/admin-ajax.php?action=likebtn_prx\"  data-event_handler=\"likebtn_eh\" ><\/span><!-- LikeBtn.com END -->Med smashburgare f\u00e5r du en stor, krispig stekyta som ger mycket smak. Servera med en tryffelcr\u00e8me gjord p\u00e5 VegMe Majonn\u00e4s och du \u00e4r i burger heaven! 8 portioner 4 VegMe Burgare av \u00e4rta och quinoa 8 hamburgerbr\u00f6d 8 [&hellip;]<\/p>\n<div class=\"likebtn_container\" style=\"\"><!-- LikeBtn.com BEGIN --><span class=\"likebtn-wrapper\"  data-identifier=\"page_442\"  data-site_id=\"6744578e6fd08bb0055e7823\"  data-style=\"\"  data-unlike_allowed=\"\"  data-show_copyright=\"\"  data-item_url=\"https:\/\/vegme.se\/en\/recept\/grillade-veganska-smashburgare-med-tryffelcreme\/\"  data-item_title=\"Grillade, veganska smashburgare med tryffelcr\u00e9me\"  data-item_date=\"2024-11-25T13:25:59+01:00\"  data-engine=\"WordPress\"  data-plugin_v=\"2.6.59\"  data-prx=\"https:\/\/vegme.se\/wp-admin\/admin-ajax.php?action=likebtn_prx\"  data-event_handler=\"likebtn_eh\" ><\/span><!-- LikeBtn.com END --><\/div>","protected":false},"author":1,"featured_media":0,"parent":26,"menu_order":0,"comment_status":"closed","ping_status":"closed","template":"","meta":{"_et_pb_use_builder":"on","_et_pb_old_content":"","_et_gb_content_width":"","footnotes":""},"class_list":["post-442","page","type-page","status-publish","hentry"],"_links":{"self":[{"href":"https:\/\/vegme.se\/en\/wp-json\/wp\/v2\/pages\/442","targetHints":{"allow":["GET"]}}],"collection":[{"href":"https:\/\/vegme.se\/en\/wp-json\/wp\/v2\/pages"}],"about":[{"href":"https:\/\/vegme.se\/en\/wp-json\/wp\/v2\/types\/page"}],"author":[{"embeddable":true,"href":"https:\/\/vegme.se\/en\/wp-json\/wp\/v2\/users\/1"}],"replies":[{"embeddable":true,"href":"https:\/\/vegme.se\/en\/wp-json\/wp\/v2\/comments?post=442"}],"version-history":[{"count":3,"href":"https:\/\/vegme.se\/en\/wp-json\/wp\/v2\/pages\/442\/revisions"}],"predecessor-version":[{"id":445,"href":"https:\/\/vegme.se\/en\/wp-json\/wp\/v2\/pages\/442\/revisions\/445"}],"up":[{"embeddable":true,"href":"https:\/\/vegme.se\/en\/wp-json\/wp\/v2\/pages\/26"}],"wp:attachment":[{"href":"https:\/\/vegme.se\/en\/wp-json\/wp\/v2\/media?parent=442"}],"curies":[{"name":"wp","href":"https:\/\/api.w.org\/{rel}","templated":true}]}}