{"id":468,"date":"2024-11-25T13:40:02","date_gmt":"2024-11-25T12:40:02","guid":{"rendered":"https:\/\/vegme.se\/?page_id=468"},"modified":"2024-11-25T13:41:05","modified_gmt":"2024-11-25T12:41:05","slug":"asiatiska-nudlar-med-pulled","status":"publish","type":"page","link":"https:\/\/vegme.se\/en\/recept\/asiatiska-nudlar-med-pulled\/","title":{"rendered":"Asiatiska nudlar med pulled"},"content":{"rendered":"<p>[et_pb_section fb_built=&#8221;1&#8243; _builder_version=&#8221;4.27.3&#8243; _module_preset=&#8221;default&#8221; global_colors_info=&#8221;{}&#8221; locked=&#8221;off&#8221; theme_builder_area=&#8221;post_content&#8221;][et_pb_row _builder_version=&#8221;4.27.3&#8243; _module_preset=&#8221;default&#8221; border_width_bottom=&#8221;1px&#8221; border_color_bottom=&#8221;#dddddd&#8221; global_colors_info=&#8221;{}&#8221; theme_builder_area=&#8221;post_content&#8221;][et_pb_column type=&#8221;4_4&#8243; _builder_version=&#8221;4.27.3&#8243; _module_preset=&#8221;default&#8221; global_colors_info=&#8221;{}&#8221; theme_builder_area=&#8221;post_content&#8221;][et_pb_text _builder_version=&#8221;4.27.3&#8243; _dynamic_attributes=&#8221;content&#8221; _module_preset=&#8221;default&#8221; header_text_align=&#8221;center&#8221; global_colors_info=&#8221;{}&#8221; theme_builder_area=&#8221;post_content&#8221;]@ET-DC@eyJkeW5hbWljIjp0cnVlLCJjb250ZW50IjoicG9zdF90aXRsZSIsInNldHRpbmdzIjp7ImJlZm9yZSI6IjxoMT4iLCJhZnRlciI6IjwvaDE+In19@[\/et_pb_text][\/et_pb_column][\/et_pb_row][et_pb_row column_structure=&#8221;1_2,1_2&#8243; gutter_width=&#8221;2&#8243; _builder_version=&#8221;4.27.3&#8243; _module_preset=&#8221;default&#8221; global_colors_info=&#8221;{}&#8221; theme_builder_area=&#8221;post_content&#8221;][et_pb_column type=&#8221;1_2&#8243; _builder_version=&#8221;4.27.3&#8243; _module_preset=&#8221;default&#8221; global_colors_info=&#8221;{}&#8221; theme_builder_area=&#8221;post_content&#8221;][et_pb_image src=&#8221;https:\/\/vegme.se\/wp-content\/uploads\/2024\/11\/Nudlar-recet.png&#8221; title_text=&#8221;Nudlar-recet&#8221; _builder_version=&#8221;4.27.3&#8243; _module_preset=&#8221;default&#8221; hover_enabled=&#8221;0&#8243; global_colors_info=&#8221;{}&#8221; theme_builder_area=&#8221;post_content&#8221; sticky_enabled=&#8221;0&#8243;][\/et_pb_image][\/et_pb_column][et_pb_column type=&#8221;1_2&#8243; _builder_version=&#8221;4.27.3&#8243; _module_preset=&#8221;default&#8221; global_colors_info=&#8221;{}&#8221; theme_builder_area=&#8221;post_content&#8221;][et_pb_code _builder_version=&#8221;4.27.3&#8243; _module_preset=&#8221;default&#8221; global_colors_info=&#8221;{}&#8221; theme_builder_area=&#8221;post_content&#8221;]<!-- LikeBtn.com BEGIN --><span class=\"likebtn-wrapper\"  data-identifier=\"page_468\"  data-site_id=\"6744578e6fd08bb0055e7823\"  data-theme=\"custom\"  data-icon_l=\"hrt3\"  data-icon_size=\"20\"  data-icon_l_c=\"#dddddd\"  data-icon_l_c_v=\"#cb5199\"  data-label_c=\"#dddddd\"  data-label_c_v=\"#cb5199\"  data-counter_l_c=\"#dddddd\"  data-bg_c=\"#ffffff\"  data-brdr_c=\"#dddddd\"  data-show_like_label=\"false\"  data-dislike_enabled=\"false\"  data-icon_dislike_show=\"false\"  data-white_label=\"true\"  data-i18n_like=\"Love this\"  data-item_url=\"https:\/\/vegme.se\/en\/recept\/asiatiska-nudlar-med-pulled\/\"  data-item_title=\"Asiatiska nudlar med pulled\"  data-item_date=\"2024-11-25T13:40:02+01:00\"  data-engine=\"WordPress\"  data-plugin_v=\"2.6.59\"  data-prx=\"https:\/\/vegme.se\/wp-admin\/admin-ajax.php?action=likebtn_prx\"  data-event_handler=\"likebtn_eh\" ><\/span><!-- LikeBtn.com END -->[\/et_pb_code][et_pb_text _builder_version=&#8221;4.27.3&#8243; _module_preset=&#8221;default&#8221; hover_enabled=&#8221;0&#8243; global_colors_info=&#8221;{}&#8221; theme_builder_area=&#8221;post_content&#8221; sticky_enabled=&#8221;0&#8243;]S\u00f6tsyrliga, kryddiga och alldeles ljuvliga smaker.<\/p>\n<p>4 port<\/p>\n<p>3 msk ketchup<br \/>\n2 tsk mald ingef\u00e4ra<br \/>\n1 tsk sesamolja<br \/>\n2 tsk sriracha<br \/>\n4 msk japansk soja<br \/>\n2 msk risvin\u00e4ger<br \/>\n1 vitl\u00f6ksklyfta<\/p>\n<p>600 g VegMe Pulled Original<br \/>\n350 g risnudlar<\/p>\n<p>1 knippe salladsl\u00f6k<br \/>\n100 g shiitake<br \/>\n4 pak choi<br \/>\n1 paprika<br \/>\n1 vitl\u00f6ksklyfta<\/p>\n<p>rostade sesamfr\u00f6n<br \/>\nkoriander<br \/>\nf\u00e4rsk chili om man vill<\/p>\n<p>R\u00f6r ihop ketchup med ingef\u00e4ra, sesamolja, sriracha, soja, risvin\u00e4ger och pressad vitl\u00f6k i en st\u00f6rre sk\u00e5l. Blanda ner Vegme Pulled. Koka nudlarna enligt anvisningar p\u00e5 f\u00f6rpackningen.<br \/>\nSk\u00e4r salladsl\u00f6k i strimlor. Sk\u00e4r svampen i bitar om den \u00e4r stor. Sk\u00e4r pak choi i kvartar. Strimla paprika. H\u00e4ll olja i en wok och fr\u00e4s pak choi s\u00e5 att den f\u00e5r f\u00e4rg. Ta upp. L\u00e4gg i svamp tillsammans med salladsl\u00f6k och l\u00e5t fr\u00e4sa med. Pressa i vitl\u00f6k och blanda runt. Blanda i paprika. L\u00e4gg i nudlar och sv\u00e4ng runt tillsammans med VegMe Pulled. L\u00e4gg upp i sk\u00e5lar och toppa med sesamfr\u00f6n, koriander och lite chili.[\/et_pb_text][\/et_pb_column][\/et_pb_row][\/et_pb_section]<\/p>\n<div class=\"likebtn_container\" style=\"\"><!-- LikeBtn.com BEGIN --><span class=\"likebtn-wrapper\"  data-identifier=\"page_468\"  data-site_id=\"6744578e6fd08bb0055e7823\"  data-style=\"\"  data-unlike_allowed=\"\"  data-show_copyright=\"\"  data-item_url=\"https:\/\/vegme.se\/en\/recept\/asiatiska-nudlar-med-pulled\/\"  data-item_title=\"Asiatiska nudlar med pulled\"  data-item_date=\"2024-11-25T13:40:02+01:00\"  data-engine=\"WordPress\"  data-plugin_v=\"2.6.59\"  data-prx=\"https:\/\/vegme.se\/wp-admin\/admin-ajax.php?action=likebtn_prx\"  data-event_handler=\"likebtn_eh\" ><\/span><!-- LikeBtn.com END --><\/div>","protected":false},"excerpt":{"rendered":"<p><!-- LikeBtn.com BEGIN --><span class=\"likebtn-wrapper\"  data-identifier=\"page_468\"  data-site_id=\"6744578e6fd08bb0055e7823\"  data-theme=\"custom\"  data-icon_l=\"hrt3\"  data-icon_size=\"20\"  data-icon_l_c=\"#dddddd\"  data-icon_l_c_v=\"#cb5199\"  data-label_c=\"#dddddd\"  data-label_c_v=\"#cb5199\"  data-counter_l_c=\"#dddddd\"  data-bg_c=\"#ffffff\"  data-brdr_c=\"#dddddd\"  data-show_like_label=\"false\"  data-dislike_enabled=\"false\"  data-icon_dislike_show=\"false\"  data-white_label=\"true\"  data-i18n_like=\"Love this\"  data-item_url=\"https:\/\/vegme.se\/en\/recept\/asiatiska-nudlar-med-pulled\/\"  data-item_title=\"Asiatiska nudlar med pulled\"  data-item_date=\"2024-11-25T13:40:02+01:00\"  data-engine=\"WordPress\"  data-plugin_v=\"2.6.59\"  data-prx=\"https:\/\/vegme.se\/wp-admin\/admin-ajax.php?action=likebtn_prx\"  data-event_handler=\"likebtn_eh\" ><\/span><!-- LikeBtn.com END -->S\u00f6tsyrliga, kryddiga och alldeles ljuvliga smaker. 4 port 3 msk ketchup 2 tsk mald ingef\u00e4ra 1 tsk sesamolja 2 tsk sriracha 4 msk japansk soja 2 msk risvin\u00e4ger 1 vitl\u00f6ksklyfta 600 g VegMe Pulled Original 350 g risnudlar [&hellip;]<\/p>\n<div class=\"likebtn_container\" style=\"\"><!-- LikeBtn.com BEGIN --><span class=\"likebtn-wrapper\"  data-identifier=\"page_468\"  data-site_id=\"6744578e6fd08bb0055e7823\"  data-style=\"\"  data-unlike_allowed=\"\"  data-show_copyright=\"\"  data-item_url=\"https:\/\/vegme.se\/en\/recept\/asiatiska-nudlar-med-pulled\/\"  data-item_title=\"Asiatiska nudlar med pulled\"  data-item_date=\"2024-11-25T13:40:02+01:00\"  data-engine=\"WordPress\"  data-plugin_v=\"2.6.59\"  data-prx=\"https:\/\/vegme.se\/wp-admin\/admin-ajax.php?action=likebtn_prx\"  data-event_handler=\"likebtn_eh\" ><\/span><!-- LikeBtn.com END --><\/div>","protected":false},"author":1,"featured_media":0,"parent":26,"menu_order":0,"comment_status":"closed","ping_status":"closed","template":"","meta":{"_et_pb_use_builder":"on","_et_pb_old_content":"","_et_gb_content_width":"","footnotes":""},"class_list":["post-468","page","type-page","status-publish","hentry"],"_links":{"self":[{"href":"https:\/\/vegme.se\/en\/wp-json\/wp\/v2\/pages\/468","targetHints":{"allow":["GET"]}}],"collection":[{"href":"https:\/\/vegme.se\/en\/wp-json\/wp\/v2\/pages"}],"about":[{"href":"https:\/\/vegme.se\/en\/wp-json\/wp\/v2\/types\/page"}],"author":[{"embeddable":true,"href":"https:\/\/vegme.se\/en\/wp-json\/wp\/v2\/users\/1"}],"replies":[{"embeddable":true,"href":"https:\/\/vegme.se\/en\/wp-json\/wp\/v2\/comments?post=468"}],"version-history":[{"count":3,"href":"https:\/\/vegme.se\/en\/wp-json\/wp\/v2\/pages\/468\/revisions"}],"predecessor-version":[{"id":471,"href":"https:\/\/vegme.se\/en\/wp-json\/wp\/v2\/pages\/468\/revisions\/471"}],"up":[{"embeddable":true,"href":"https:\/\/vegme.se\/en\/wp-json\/wp\/v2\/pages\/26"}],"wp:attachment":[{"href":"https:\/\/vegme.se\/en\/wp-json\/wp\/v2\/media?parent=468"}],"curies":[{"name":"wp","href":"https:\/\/api.w.org\/{rel}","templated":true}]}}