{"id":514,"date":"2024-11-25T17:10:37","date_gmt":"2024-11-25T16:10:37","guid":{"rendered":"https:\/\/vegme.se\/?page_id=514"},"modified":"2024-11-25T17:11:58","modified_gmt":"2024-11-25T16:11:58","slug":"sloppy-joes-med-koreansk-touch","status":"publish","type":"page","link":"https:\/\/vegme.se\/en\/recept\/sloppy-joes-med-koreansk-touch\/","title":{"rendered":"Sloppy Joes med koreansk touch"},"content":{"rendered":"<p>[et_pb_section fb_built=&#8221;1&#8243; _builder_version=&#8221;4.27.3&#8243; _module_preset=&#8221;default&#8221; global_colors_info=&#8221;{}&#8221; locked=&#8221;off&#8221; theme_builder_area=&#8221;post_content&#8221;][et_pb_row _builder_version=&#8221;4.27.3&#8243; _module_preset=&#8221;default&#8221; border_width_bottom=&#8221;1px&#8221; border_color_bottom=&#8221;#dddddd&#8221; global_colors_info=&#8221;{}&#8221; theme_builder_area=&#8221;post_content&#8221;][et_pb_column type=&#8221;4_4&#8243; _builder_version=&#8221;4.27.3&#8243; _module_preset=&#8221;default&#8221; global_colors_info=&#8221;{}&#8221; theme_builder_area=&#8221;post_content&#8221;][et_pb_text _builder_version=&#8221;4.27.3&#8243; _dynamic_attributes=&#8221;content&#8221; _module_preset=&#8221;default&#8221; header_text_align=&#8221;center&#8221; global_colors_info=&#8221;{}&#8221; theme_builder_area=&#8221;post_content&#8221;]@ET-DC@eyJkeW5hbWljIjp0cnVlLCJjb250ZW50IjoicG9zdF90aXRsZSIsInNldHRpbmdzIjp7ImJlZm9yZSI6IjxoMT4iLCJhZnRlciI6IjwvaDE+In19@[\/et_pb_text][\/et_pb_column][\/et_pb_row][et_pb_row column_structure=&#8221;1_2,1_2&#8243; gutter_width=&#8221;2&#8243; _builder_version=&#8221;4.27.3&#8243; _module_preset=&#8221;default&#8221; global_colors_info=&#8221;{}&#8221; theme_builder_area=&#8221;post_content&#8221;][et_pb_column type=&#8221;1_2&#8243; _builder_version=&#8221;4.27.3&#8243; _module_preset=&#8221;default&#8221; global_colors_info=&#8221;{}&#8221; theme_builder_area=&#8221;post_content&#8221;][et_pb_image src=&#8221;https:\/\/vegme.se\/wp-content\/uploads\/2024\/11\/VegMe_sloppy_recept_700x700.jpg&#8221; title_text=&#8221;VegMe_sloppy_recept_700x700&#8243; _builder_version=&#8221;4.27.3&#8243; _module_preset=&#8221;default&#8221; hover_enabled=&#8221;0&#8243; global_colors_info=&#8221;{}&#8221; theme_builder_area=&#8221;post_content&#8221; sticky_enabled=&#8221;0&#8243;][\/et_pb_image][\/et_pb_column][et_pb_column type=&#8221;1_2&#8243; _builder_version=&#8221;4.27.3&#8243; _module_preset=&#8221;default&#8221; global_colors_info=&#8221;{}&#8221; theme_builder_area=&#8221;post_content&#8221;][et_pb_code _builder_version=&#8221;4.27.3&#8243; _module_preset=&#8221;default&#8221; global_colors_info=&#8221;{}&#8221; theme_builder_area=&#8221;post_content&#8221;]<!-- LikeBtn.com BEGIN --><span class=\"likebtn-wrapper\"  data-identifier=\"page_514\"  data-site_id=\"6744578e6fd08bb0055e7823\"  data-theme=\"custom\"  data-icon_l=\"hrt3\"  data-icon_size=\"20\"  data-icon_l_c=\"#dddddd\"  data-icon_l_c_v=\"#cb5199\"  data-label_c=\"#dddddd\"  data-label_c_v=\"#cb5199\"  data-counter_l_c=\"#dddddd\"  data-bg_c=\"#ffffff\"  data-brdr_c=\"#dddddd\"  data-show_like_label=\"false\"  data-dislike_enabled=\"false\"  data-icon_dislike_show=\"false\"  data-white_label=\"true\"  data-i18n_like=\"Love this\"  data-item_url=\"https:\/\/vegme.se\/en\/recept\/sloppy-joes-med-koreansk-touch\/\"  data-item_title=\"Sloppy Joes med koreansk touch\"  data-item_date=\"2024-11-25T17:10:37+01:00\"  data-engine=\"WordPress\"  data-plugin_v=\"2.6.59\"  data-prx=\"https:\/\/vegme.se\/wp-admin\/admin-ajax.php?action=likebtn_prx\"  data-event_handler=\"likebtn_eh\" ><\/span><!-- LikeBtn.com END -->[\/et_pb_code][et_pb_text _builder_version=&#8221;4.27.3&#8243; _module_preset=&#8221;default&#8221; hover_enabled=&#8221;0&#8243; global_colors_info=&#8221;{}&#8221; theme_builder_area=&#8221;post_content&#8221; sticky_enabled=&#8221;0&#8243;]4 port<\/p>\n<p>4 hamburgerbr\u00f6d<br \/>\n300 g VegMe Pulled Original<br \/>\n2 vitl\u00f6ksklyftor<br \/>\n2 tsk sesamolja<br \/>\n1 \u00bc dl ketchup<br \/>\n1 \u00bc dl hoisins\u00e5s<br \/>\n1 dl vatten<br \/>\n2 msk japansk soya<br \/>\n1 msk risvin\u00e4ger<br \/>\n1 tsk sriracha<br \/>\nsalt<br \/>\npeppar<\/p>\n<p>3 salladsl\u00f6kar<br \/>\nrostade sesamfr\u00f6n<\/p>\n<p>Pressa i vitl\u00f6k i en sk\u00e5l och r\u00f6r i sesamolja. H\u00e4ll i ketchup, hoisins\u00e5s, vatten, soja, risvin\u00e4ger och sriracha. Smaka av med salt och peppar. L\u00e4gg i Pulled Original.<\/p>\n<p>L\u00e4gg i en folieform och t\u00e4ck med folie eller dubbla bitar foliepapper och st\u00e4ng igen. L\u00e4gg vid sidan av gl\u00f6den f\u00f6r att bli varmt.<\/p>\n<p>Grilla br\u00f6den. Hacka salladsl\u00f6k fint. L\u00e4gg sallad i br\u00f6den och toppa med Pulled. Str\u00f6 \u00f6ver salladsl\u00f6k och sesamfr\u00f6n.<\/p>\n<p>Tips!<br \/>\nEn liten klick VegMe Majonn\u00e4s p\u00e5 br\u00f6det \u00e4r ocks\u00e5 gott till.[\/et_pb_text][\/et_pb_column][\/et_pb_row][\/et_pb_section]<\/p>\n<div class=\"likebtn_container\" style=\"\"><!-- LikeBtn.com BEGIN --><span class=\"likebtn-wrapper\"  data-identifier=\"page_514\"  data-site_id=\"6744578e6fd08bb0055e7823\"  data-style=\"\"  data-unlike_allowed=\"\"  data-show_copyright=\"\"  data-item_url=\"https:\/\/vegme.se\/en\/recept\/sloppy-joes-med-koreansk-touch\/\"  data-item_title=\"Sloppy Joes med koreansk touch\"  data-item_date=\"2024-11-25T17:10:37+01:00\"  data-engine=\"WordPress\"  data-plugin_v=\"2.6.59\"  data-prx=\"https:\/\/vegme.se\/wp-admin\/admin-ajax.php?action=likebtn_prx\"  data-event_handler=\"likebtn_eh\" ><\/span><!-- LikeBtn.com END --><\/div>","protected":false},"excerpt":{"rendered":"<p><!-- LikeBtn.com BEGIN --><span class=\"likebtn-wrapper\"  data-identifier=\"page_514\"  data-site_id=\"6744578e6fd08bb0055e7823\"  data-theme=\"custom\"  data-icon_l=\"hrt3\"  data-icon_size=\"20\"  data-icon_l_c=\"#dddddd\"  data-icon_l_c_v=\"#cb5199\"  data-label_c=\"#dddddd\"  data-label_c_v=\"#cb5199\"  data-counter_l_c=\"#dddddd\"  data-bg_c=\"#ffffff\"  data-brdr_c=\"#dddddd\"  data-show_like_label=\"false\"  data-dislike_enabled=\"false\"  data-icon_dislike_show=\"false\"  data-white_label=\"true\"  data-i18n_like=\"Love this\"  data-item_url=\"https:\/\/vegme.se\/en\/recept\/sloppy-joes-med-koreansk-touch\/\"  data-item_title=\"Sloppy Joes med koreansk touch\"  data-item_date=\"2024-11-25T17:10:37+01:00\"  data-engine=\"WordPress\"  data-plugin_v=\"2.6.59\"  data-prx=\"https:\/\/vegme.se\/wp-admin\/admin-ajax.php?action=likebtn_prx\"  data-event_handler=\"likebtn_eh\" ><\/span><!-- LikeBtn.com END -->4 port 4 hamburgerbr\u00f6d 300 g VegMe Pulled Original 2 vitl\u00f6ksklyftor 2 tsk sesamolja 1 \u00bc dl ketchup 1 \u00bc dl hoisins\u00e5s 1 dl vatten 2 msk japansk soya 1 msk risvin\u00e4ger 1 tsk sriracha salt peppar 3 [&hellip;]<\/p>\n<div class=\"likebtn_container\" style=\"\"><!-- LikeBtn.com BEGIN --><span class=\"likebtn-wrapper\"  data-identifier=\"page_514\"  data-site_id=\"6744578e6fd08bb0055e7823\"  data-style=\"\"  data-unlike_allowed=\"\"  data-show_copyright=\"\"  data-item_url=\"https:\/\/vegme.se\/en\/recept\/sloppy-joes-med-koreansk-touch\/\"  data-item_title=\"Sloppy Joes med koreansk touch\"  data-item_date=\"2024-11-25T17:10:37+01:00\"  data-engine=\"WordPress\"  data-plugin_v=\"2.6.59\"  data-prx=\"https:\/\/vegme.se\/wp-admin\/admin-ajax.php?action=likebtn_prx\"  data-event_handler=\"likebtn_eh\" ><\/span><!-- LikeBtn.com END --><\/div>","protected":false},"author":1,"featured_media":0,"parent":26,"menu_order":0,"comment_status":"closed","ping_status":"closed","template":"","meta":{"_et_pb_use_builder":"on","_et_pb_old_content":"","_et_gb_content_width":"","footnotes":""},"class_list":["post-514","page","type-page","status-publish","hentry"],"_links":{"self":[{"href":"https:\/\/vegme.se\/en\/wp-json\/wp\/v2\/pages\/514","targetHints":{"allow":["GET"]}}],"collection":[{"href":"https:\/\/vegme.se\/en\/wp-json\/wp\/v2\/pages"}],"about":[{"href":"https:\/\/vegme.se\/en\/wp-json\/wp\/v2\/types\/page"}],"author":[{"embeddable":true,"href":"https:\/\/vegme.se\/en\/wp-json\/wp\/v2\/users\/1"}],"replies":[{"embeddable":true,"href":"https:\/\/vegme.se\/en\/wp-json\/wp\/v2\/comments?post=514"}],"version-history":[{"count":3,"href":"https:\/\/vegme.se\/en\/wp-json\/wp\/v2\/pages\/514\/revisions"}],"predecessor-version":[{"id":517,"href":"https:\/\/vegme.se\/en\/wp-json\/wp\/v2\/pages\/514\/revisions\/517"}],"up":[{"embeddable":true,"href":"https:\/\/vegme.se\/en\/wp-json\/wp\/v2\/pages\/26"}],"wp:attachment":[{"href":"https:\/\/vegme.se\/en\/wp-json\/wp\/v2\/media?parent=514"}],"curies":[{"name":"wp","href":"https:\/\/api.w.org\/{rel}","templated":true}]}}