{"id":616,"date":"2024-11-25T20:34:20","date_gmt":"2024-11-25T19:34:20","guid":{"rendered":"https:\/\/vegme.se\/?page_id=616"},"modified":"2024-11-25T20:35:11","modified_gmt":"2024-11-25T19:35:11","slug":"poke-bowl-med-vegme-pulled-original","status":"publish","type":"page","link":"https:\/\/vegme.se\/en\/recept\/poke-bowl-med-vegme-pulled-original\/","title":{"rendered":"Pok\u00e9 Bowl med VegMe Pulled Original"},"content":{"rendered":"<p>[et_pb_section fb_built=&#8221;1&#8243; _builder_version=&#8221;4.27.3&#8243; _module_preset=&#8221;default&#8221; global_colors_info=&#8221;{}&#8221; locked=&#8221;off&#8221; theme_builder_area=&#8221;post_content&#8221;][et_pb_row _builder_version=&#8221;4.27.3&#8243; _module_preset=&#8221;default&#8221; border_width_bottom=&#8221;1px&#8221; border_color_bottom=&#8221;#dddddd&#8221; global_colors_info=&#8221;{}&#8221; theme_builder_area=&#8221;post_content&#8221;][et_pb_column type=&#8221;4_4&#8243; _builder_version=&#8221;4.27.3&#8243; _module_preset=&#8221;default&#8221; global_colors_info=&#8221;{}&#8221; theme_builder_area=&#8221;post_content&#8221;][et_pb_text _builder_version=&#8221;4.27.3&#8243; _dynamic_attributes=&#8221;content&#8221; _module_preset=&#8221;default&#8221; header_text_align=&#8221;center&#8221; global_colors_info=&#8221;{}&#8221; theme_builder_area=&#8221;post_content&#8221;]@ET-DC@eyJkeW5hbWljIjp0cnVlLCJjb250ZW50IjoicG9zdF90aXRsZSIsInNldHRpbmdzIjp7ImJlZm9yZSI6IjxoMT4iLCJhZnRlciI6IjwvaDE+In19@[\/et_pb_text][\/et_pb_column][\/et_pb_row][et_pb_row column_structure=&#8221;1_2,1_2&#8243; gutter_width=&#8221;2&#8243; _builder_version=&#8221;4.27.3&#8243; _module_preset=&#8221;default&#8221; global_colors_info=&#8221;{}&#8221; theme_builder_area=&#8221;post_content&#8221;][et_pb_column type=&#8221;1_2&#8243; _builder_version=&#8221;4.27.3&#8243; _module_preset=&#8221;default&#8221; global_colors_info=&#8221;{}&#8221; theme_builder_area=&#8221;post_content&#8221;][et_pb_image src=&#8221;https:\/\/vegme.se\/wp-content\/uploads\/2024\/11\/VegMe-Pulled.jpg&#8221; title_text=&#8221;VegMe-Pulled&#8221; _builder_version=&#8221;4.27.3&#8243; _module_preset=&#8221;default&#8221; hover_enabled=&#8221;0&#8243; global_colors_info=&#8221;{}&#8221; theme_builder_area=&#8221;post_content&#8221; sticky_enabled=&#8221;0&#8243;][\/et_pb_image][\/et_pb_column][et_pb_column type=&#8221;1_2&#8243; _builder_version=&#8221;4.27.3&#8243; _module_preset=&#8221;default&#8221; global_colors_info=&#8221;{}&#8221; theme_builder_area=&#8221;post_content&#8221;][et_pb_code _builder_version=&#8221;4.27.3&#8243; _module_preset=&#8221;default&#8221; global_colors_info=&#8221;{}&#8221; theme_builder_area=&#8221;post_content&#8221;]<!-- LikeBtn.com BEGIN --><span class=\"likebtn-wrapper\"  data-identifier=\"page_616\"  data-site_id=\"6744578e6fd08bb0055e7823\"  data-theme=\"custom\"  data-icon_l=\"hrt3\"  data-icon_size=\"20\"  data-icon_l_c=\"#dddddd\"  data-icon_l_c_v=\"#cb5199\"  data-label_c=\"#dddddd\"  data-label_c_v=\"#cb5199\"  data-counter_l_c=\"#dddddd\"  data-bg_c=\"#ffffff\"  data-brdr_c=\"#dddddd\"  data-show_like_label=\"false\"  data-dislike_enabled=\"false\"  data-icon_dislike_show=\"false\"  data-white_label=\"true\"  data-i18n_like=\"Love this\"  data-item_url=\"https:\/\/vegme.se\/en\/recept\/poke-bowl-med-vegme-pulled-original\/\"  data-item_title=\"Pok\u00e9 Bowl med VegMe Pulled Original\"  data-item_date=\"2024-11-25T20:34:20+01:00\"  data-engine=\"WordPress\"  data-plugin_v=\"2.6.59\"  data-prx=\"https:\/\/vegme.se\/wp-admin\/admin-ajax.php?action=likebtn_prx\"  data-event_handler=\"likebtn_eh\" ><\/span><!-- LikeBtn.com END -->[\/et_pb_code][et_pb_text _builder_version=&#8221;4.27.3&#8243; _module_preset=&#8221;default&#8221; hover_enabled=&#8221;0&#8243; global_colors_info=&#8221;{}&#8221; theme_builder_area=&#8221;post_content&#8221; sticky_enabled=&#8221;0&#8243;]2 personer<br \/>\n1 pkt VegMe Pulled Original<br \/>\n1 pkt glasnudlar<br \/>\n1 knippe r\u00f6dk\u00e5l<br \/>\n1 handfull sojab\u00f6nor<br \/>\n1 mogen avokado<br \/>\n1 tsk sesamfr\u00f6n<br \/>\n1\/2 mango<br \/>\nF\u00e4rsk koriander<br \/>\nChili<\/p>\n<p>Koka nudlarna enligt anvisningarna p\u00e5 paketet och stek VegMe Pulled Original i olja. Servera i en djup sk\u00e5l tillsammans med tillbeh\u00f6ren. Addera slutligen f\u00e4rsk koriander och chili efter tycke och smak.[\/et_pb_text][\/et_pb_column][\/et_pb_row][\/et_pb_section]<\/p>\n<div class=\"likebtn_container\" style=\"\"><!-- LikeBtn.com BEGIN --><span class=\"likebtn-wrapper\"  data-identifier=\"page_616\"  data-site_id=\"6744578e6fd08bb0055e7823\"  data-style=\"\"  data-unlike_allowed=\"\"  data-show_copyright=\"\"  data-item_url=\"https:\/\/vegme.se\/en\/recept\/poke-bowl-med-vegme-pulled-original\/\"  data-item_title=\"Pok\u00e9 Bowl med VegMe Pulled Original\"  data-item_date=\"2024-11-25T20:34:20+01:00\"  data-engine=\"WordPress\"  data-plugin_v=\"2.6.59\"  data-prx=\"https:\/\/vegme.se\/wp-admin\/admin-ajax.php?action=likebtn_prx\"  data-event_handler=\"likebtn_eh\" ><\/span><!-- LikeBtn.com END --><\/div>","protected":false},"excerpt":{"rendered":"<p><!-- LikeBtn.com BEGIN --><span class=\"likebtn-wrapper\"  data-identifier=\"page_616\"  data-site_id=\"6744578e6fd08bb0055e7823\"  data-theme=\"custom\"  data-icon_l=\"hrt3\"  data-icon_size=\"20\"  data-icon_l_c=\"#dddddd\"  data-icon_l_c_v=\"#cb5199\"  data-label_c=\"#dddddd\"  data-label_c_v=\"#cb5199\"  data-counter_l_c=\"#dddddd\"  data-bg_c=\"#ffffff\"  data-brdr_c=\"#dddddd\"  data-show_like_label=\"false\"  data-dislike_enabled=\"false\"  data-icon_dislike_show=\"false\"  data-white_label=\"true\"  data-i18n_like=\"Love this\"  data-item_url=\"https:\/\/vegme.se\/en\/recept\/poke-bowl-med-vegme-pulled-original\/\"  data-item_title=\"Pok\u00e9 Bowl med VegMe Pulled Original\"  data-item_date=\"2024-11-25T20:34:20+01:00\"  data-engine=\"WordPress\"  data-plugin_v=\"2.6.59\"  data-prx=\"https:\/\/vegme.se\/wp-admin\/admin-ajax.php?action=likebtn_prx\"  data-event_handler=\"likebtn_eh\" ><\/span><!-- LikeBtn.com END -->2 personer 1 pkt VegMe Pulled Original 1 pkt glasnudlar 1 knippe r\u00f6dk\u00e5l 1 handfull sojab\u00f6nor 1 mogen avokado 1 tsk sesamfr\u00f6n 1\/2 mango F\u00e4rsk koriander Chili Koka nudlarna enligt anvisningarna p\u00e5 paketet och stek VegMe Pulled Original [&hellip;]<\/p>\n<div class=\"likebtn_container\" style=\"\"><!-- LikeBtn.com BEGIN --><span class=\"likebtn-wrapper\"  data-identifier=\"page_616\"  data-site_id=\"6744578e6fd08bb0055e7823\"  data-style=\"\"  data-unlike_allowed=\"\"  data-show_copyright=\"\"  data-item_url=\"https:\/\/vegme.se\/en\/recept\/poke-bowl-med-vegme-pulled-original\/\"  data-item_title=\"Pok\u00e9 Bowl med VegMe Pulled Original\"  data-item_date=\"2024-11-25T20:34:20+01:00\"  data-engine=\"WordPress\"  data-plugin_v=\"2.6.59\"  data-prx=\"https:\/\/vegme.se\/wp-admin\/admin-ajax.php?action=likebtn_prx\"  data-event_handler=\"likebtn_eh\" ><\/span><!-- LikeBtn.com END --><\/div>","protected":false},"author":1,"featured_media":0,"parent":26,"menu_order":0,"comment_status":"closed","ping_status":"closed","template":"","meta":{"_et_pb_use_builder":"on","_et_pb_old_content":"","_et_gb_content_width":"","footnotes":""},"class_list":["post-616","page","type-page","status-publish","hentry"],"_links":{"self":[{"href":"https:\/\/vegme.se\/en\/wp-json\/wp\/v2\/pages\/616","targetHints":{"allow":["GET"]}}],"collection":[{"href":"https:\/\/vegme.se\/en\/wp-json\/wp\/v2\/pages"}],"about":[{"href":"https:\/\/vegme.se\/en\/wp-json\/wp\/v2\/types\/page"}],"author":[{"embeddable":true,"href":"https:\/\/vegme.se\/en\/wp-json\/wp\/v2\/users\/1"}],"replies":[{"embeddable":true,"href":"https:\/\/vegme.se\/en\/wp-json\/wp\/v2\/comments?post=616"}],"version-history":[{"count":3,"href":"https:\/\/vegme.se\/en\/wp-json\/wp\/v2\/pages\/616\/revisions"}],"predecessor-version":[{"id":619,"href":"https:\/\/vegme.se\/en\/wp-json\/wp\/v2\/pages\/616\/revisions\/619"}],"up":[{"embeddable":true,"href":"https:\/\/vegme.se\/en\/wp-json\/wp\/v2\/pages\/26"}],"wp:attachment":[{"href":"https:\/\/vegme.se\/en\/wp-json\/wp\/v2\/media?parent=616"}],"curies":[{"name":"wp","href":"https:\/\/api.w.org\/{rel}","templated":true}]}}