{"id":621,"date":"2024-11-25T20:37:08","date_gmt":"2024-11-25T19:37:08","guid":{"rendered":"https:\/\/vegme.se\/?page_id=621"},"modified":"2024-11-25T20:38:17","modified_gmt":"2024-11-25T19:38:17","slug":"grillspett-cevapcici-2","status":"publish","type":"page","link":"https:\/\/vegme.se\/en\/recept\/grillspett-cevapcici-2\/","title":{"rendered":"Grillspett &#8211; Cevapcici"},"content":{"rendered":"<p>[et_pb_section fb_built=&#8221;1&#8243; _builder_version=&#8221;4.27.3&#8243; _module_preset=&#8221;default&#8221; global_colors_info=&#8221;{}&#8221; locked=&#8221;off&#8221; theme_builder_area=&#8221;post_content&#8221;][et_pb_row _builder_version=&#8221;4.27.3&#8243; _module_preset=&#8221;default&#8221; border_width_bottom=&#8221;1px&#8221; border_color_bottom=&#8221;#dddddd&#8221; global_colors_info=&#8221;{}&#8221; theme_builder_area=&#8221;post_content&#8221;][et_pb_column type=&#8221;4_4&#8243; _builder_version=&#8221;4.27.3&#8243; _module_preset=&#8221;default&#8221; global_colors_info=&#8221;{}&#8221; theme_builder_area=&#8221;post_content&#8221;][et_pb_text _builder_version=&#8221;4.27.3&#8243; _dynamic_attributes=&#8221;content&#8221; _module_preset=&#8221;default&#8221; header_text_align=&#8221;center&#8221; global_colors_info=&#8221;{}&#8221; theme_builder_area=&#8221;post_content&#8221;]@ET-DC@eyJkeW5hbWljIjp0cnVlLCJjb250ZW50IjoicG9zdF90aXRsZSIsInNldHRpbmdzIjp7ImJlZm9yZSI6IjxoMT4iLCJhZnRlciI6IjwvaDE+In19@[\/et_pb_text][\/et_pb_column][\/et_pb_row][et_pb_row column_structure=&#8221;1_2,1_2&#8243; gutter_width=&#8221;2&#8243; _builder_version=&#8221;4.27.3&#8243; _module_preset=&#8221;default&#8221; global_colors_info=&#8221;{}&#8221; theme_builder_area=&#8221;post_content&#8221;][et_pb_column type=&#8221;1_2&#8243; _builder_version=&#8221;4.27.3&#8243; _module_preset=&#8221;default&#8221; global_colors_info=&#8221;{}&#8221; theme_builder_area=&#8221;post_content&#8221;][et_pb_image src=&#8221;https:\/\/vegme.se\/wp-content\/uploads\/2024\/11\/VegMe-Grillspett-nationaldagen_Web2020-2-500&#215;500-1.jpg&#8221; title_text=&#8221;VegMe-Grillspett-nationaldagen_Web2020-2-500&#215;500&#8243; _builder_version=&#8221;4.27.3&#8243; _module_preset=&#8221;default&#8221; hover_enabled=&#8221;0&#8243; global_colors_info=&#8221;{}&#8221; theme_builder_area=&#8221;post_content&#8221; force_fullwidth=&#8221;on&#8221; sticky_enabled=&#8221;0&#8243;][\/et_pb_image][\/et_pb_column][et_pb_column type=&#8221;1_2&#8243; _builder_version=&#8221;4.27.3&#8243; _module_preset=&#8221;default&#8221; global_colors_info=&#8221;{}&#8221; theme_builder_area=&#8221;post_content&#8221;][et_pb_code _builder_version=&#8221;4.27.3&#8243; _module_preset=&#8221;default&#8221; global_colors_info=&#8221;{}&#8221; theme_builder_area=&#8221;post_content&#8221;]<!-- LikeBtn.com BEGIN --><span class=\"likebtn-wrapper\"  data-identifier=\"page_621\"  data-site_id=\"6744578e6fd08bb0055e7823\"  data-theme=\"custom\"  data-icon_l=\"hrt3\"  data-icon_size=\"20\"  data-icon_l_c=\"#dddddd\"  data-icon_l_c_v=\"#cb5199\"  data-label_c=\"#dddddd\"  data-label_c_v=\"#cb5199\"  data-counter_l_c=\"#dddddd\"  data-bg_c=\"#ffffff\"  data-brdr_c=\"#dddddd\"  data-show_like_label=\"false\"  data-dislike_enabled=\"false\"  data-icon_dislike_show=\"false\"  data-white_label=\"true\"  data-i18n_like=\"Love this\"  data-item_url=\"https:\/\/vegme.se\/en\/recept\/grillspett-cevapcici-2\/\"  data-item_title=\"Grillspett - Cevapcici\"  data-item_date=\"2024-11-25T20:37:08+01:00\"  data-engine=\"WordPress\"  data-plugin_v=\"2.6.59\"  data-prx=\"https:\/\/vegme.se\/wp-admin\/admin-ajax.php?action=likebtn_prx\"  data-event_handler=\"likebtn_eh\" ><\/span><!-- LikeBtn.com END -->[\/et_pb_code][et_pb_text _builder_version=&#8221;4.27.3&#8243; _module_preset=&#8221;default&#8221; hover_enabled=&#8221;0&#8243; global_colors_info=&#8221;{}&#8221; theme_builder_area=&#8221;post_content&#8221; sticky_enabled=&#8221;0&#8243;]1 frp VegMe Formbar F\u00e4rs<br \/>\n1 dl str\u00f6br\u00f6d<br \/>\n2 msk majsst\u00e4rkelse<br \/>\n1-2 tsk sambal oelek<br \/>\n2 msk ajvar relish<br \/>\n0,5-1 gul l\u00f6k, finhackad<br \/>\n1 dl v\u00e4xtbaserad os\u00f6tad gr\u00e4dde (t ex soja eller havre)<br \/>\n1-2 klyftor vitl\u00f6k<br \/>\n0,5 tsk timjan<br \/>\n0,5 tsk oregano<br \/>\n1 msk pressad citron<br \/>\nSalt och peppar<\/p>\n<p>Tillval: f\u00e4rsk hackad persilja<\/p>\n<p>G\u00f6r s\u00e5 h\u00e4r<br \/>\nFr\u00e4s den finhackade l\u00f6ken i rapsoljan tills l\u00f6ken blir mjuk och glansig.<br \/>\nBlanda ihop f\u00e4rs, str\u00f6br\u00f6d, majsst\u00e4rkelse, v\u00e4xtbaserad gr\u00e4dde, sambal oelek, ajvar relish, kryddor, citron och den stekta l\u00f6ken. L\u00e5t sv\u00e4lla minst 10 minuter. Om biffarna blir f\u00f6r l\u00f6sa tills\u00e4tt lite mer str\u00f6br\u00f6d i smeten och blanda ihop igen.<\/p>\n<p>Forma till \u201dkorvar\u201d runt smala grillspett i tr\u00e4. Grilla\/stek runtom tills f\u00e4rsen \u00e4r genomstekt och f\u00e5r en fin yta.<\/p>\n<p>Servera g\u00e4rna med v\u00e5r egen goda potatissallad.<\/p>\n<p>Tips!<br \/>\nOm du ska l\u00e4gga dem p\u00e5 grillen s\u00e5 bl\u00f6tl\u00e4gg spetten i n\u00e5gra timmar i f\u00f6rv\u00e4g s\u00e5 de inte brinner upp.[\/et_pb_text][\/et_pb_column][\/et_pb_row][\/et_pb_section]<\/p>\n<div class=\"likebtn_container\" style=\"\"><!-- LikeBtn.com BEGIN --><span class=\"likebtn-wrapper\"  data-identifier=\"page_621\"  data-site_id=\"6744578e6fd08bb0055e7823\"  data-style=\"\"  data-unlike_allowed=\"\"  data-show_copyright=\"\"  data-item_url=\"https:\/\/vegme.se\/en\/recept\/grillspett-cevapcici-2\/\"  data-item_title=\"Grillspett - Cevapcici\"  data-item_date=\"2024-11-25T20:37:08+01:00\"  data-engine=\"WordPress\"  data-plugin_v=\"2.6.59\"  data-prx=\"https:\/\/vegme.se\/wp-admin\/admin-ajax.php?action=likebtn_prx\"  data-event_handler=\"likebtn_eh\" ><\/span><!-- LikeBtn.com END --><\/div>","protected":false},"excerpt":{"rendered":"<p><!-- LikeBtn.com BEGIN --><span class=\"likebtn-wrapper\"  data-identifier=\"page_621\"  data-site_id=\"6744578e6fd08bb0055e7823\"  data-theme=\"custom\"  data-icon_l=\"hrt3\"  data-icon_size=\"20\"  data-icon_l_c=\"#dddddd\"  data-icon_l_c_v=\"#cb5199\"  data-label_c=\"#dddddd\"  data-label_c_v=\"#cb5199\"  data-counter_l_c=\"#dddddd\"  data-bg_c=\"#ffffff\"  data-brdr_c=\"#dddddd\"  data-show_like_label=\"false\"  data-dislike_enabled=\"false\"  data-icon_dislike_show=\"false\"  data-white_label=\"true\"  data-i18n_like=\"Love this\"  data-item_url=\"https:\/\/vegme.se\/en\/recept\/grillspett-cevapcici-2\/\"  data-item_title=\"Grillspett - Cevapcici\"  data-item_date=\"2024-11-25T20:37:08+01:00\"  data-engine=\"WordPress\"  data-plugin_v=\"2.6.59\"  data-prx=\"https:\/\/vegme.se\/wp-admin\/admin-ajax.php?action=likebtn_prx\"  data-event_handler=\"likebtn_eh\" ><\/span><!-- LikeBtn.com END -->1 frp VegMe Formbar F\u00e4rs 1 dl str\u00f6br\u00f6d 2 msk majsst\u00e4rkelse 1-2 tsk sambal oelek 2 msk ajvar relish 0,5-1 gul l\u00f6k, finhackad 1 dl v\u00e4xtbaserad os\u00f6tad gr\u00e4dde (t ex soja eller havre) 1-2 klyftor vitl\u00f6k 0,5 tsk [&hellip;]<\/p>\n<div class=\"likebtn_container\" style=\"\"><!-- LikeBtn.com BEGIN --><span class=\"likebtn-wrapper\"  data-identifier=\"page_621\"  data-site_id=\"6744578e6fd08bb0055e7823\"  data-style=\"\"  data-unlike_allowed=\"\"  data-show_copyright=\"\"  data-item_url=\"https:\/\/vegme.se\/en\/recept\/grillspett-cevapcici-2\/\"  data-item_title=\"Grillspett - Cevapcici\"  data-item_date=\"2024-11-25T20:37:08+01:00\"  data-engine=\"WordPress\"  data-plugin_v=\"2.6.59\"  data-prx=\"https:\/\/vegme.se\/wp-admin\/admin-ajax.php?action=likebtn_prx\"  data-event_handler=\"likebtn_eh\" ><\/span><!-- LikeBtn.com END --><\/div>","protected":false},"author":1,"featured_media":0,"parent":26,"menu_order":0,"comment_status":"closed","ping_status":"closed","template":"","meta":{"_et_pb_use_builder":"on","_et_pb_old_content":"","_et_gb_content_width":"","footnotes":""},"class_list":["post-621","page","type-page","status-publish","hentry"],"_links":{"self":[{"href":"https:\/\/vegme.se\/en\/wp-json\/wp\/v2\/pages\/621","targetHints":{"allow":["GET"]}}],"collection":[{"href":"https:\/\/vegme.se\/en\/wp-json\/wp\/v2\/pages"}],"about":[{"href":"https:\/\/vegme.se\/en\/wp-json\/wp\/v2\/types\/page"}],"author":[{"embeddable":true,"href":"https:\/\/vegme.se\/en\/wp-json\/wp\/v2\/users\/1"}],"replies":[{"embeddable":true,"href":"https:\/\/vegme.se\/en\/wp-json\/wp\/v2\/comments?post=621"}],"version-history":[{"count":3,"href":"https:\/\/vegme.se\/en\/wp-json\/wp\/v2\/pages\/621\/revisions"}],"predecessor-version":[{"id":626,"href":"https:\/\/vegme.se\/en\/wp-json\/wp\/v2\/pages\/621\/revisions\/626"}],"up":[{"embeddable":true,"href":"https:\/\/vegme.se\/en\/wp-json\/wp\/v2\/pages\/26"}],"wp:attachment":[{"href":"https:\/\/vegme.se\/en\/wp-json\/wp\/v2\/media?parent=621"}],"curies":[{"name":"wp","href":"https:\/\/api.w.org\/{rel}","templated":true}]}}