{"id":747,"date":"2024-11-26T15:05:00","date_gmt":"2024-11-26T14:05:00","guid":{"rendered":"https:\/\/vegme.se\/?page_id=747"},"modified":"2024-11-26T15:05:57","modified_gmt":"2024-11-26T14:05:57","slug":"indisk-marockansk-gryta","status":"publish","type":"page","link":"https:\/\/vegme.se\/en\/recept\/indisk-marockansk-gryta\/","title":{"rendered":"Indisk\/marockansk gryta"},"content":{"rendered":"<p>[et_pb_section fb_built=&#8221;1&#8243; _builder_version=&#8221;4.27.3&#8243; _module_preset=&#8221;default&#8221; global_colors_info=&#8221;{}&#8221; locked=&#8221;off&#8221; theme_builder_area=&#8221;post_content&#8221;][et_pb_row _builder_version=&#8221;4.27.3&#8243; _module_preset=&#8221;default&#8221; border_width_bottom=&#8221;1px&#8221; border_color_bottom=&#8221;#dddddd&#8221; global_colors_info=&#8221;{}&#8221; theme_builder_area=&#8221;post_content&#8221;][et_pb_column type=&#8221;4_4&#8243; _builder_version=&#8221;4.27.3&#8243; _module_preset=&#8221;default&#8221; global_colors_info=&#8221;{}&#8221; theme_builder_area=&#8221;post_content&#8221;][et_pb_text _builder_version=&#8221;4.27.3&#8243; _dynamic_attributes=&#8221;content&#8221; _module_preset=&#8221;default&#8221; header_text_align=&#8221;center&#8221; global_colors_info=&#8221;{}&#8221; theme_builder_area=&#8221;post_content&#8221;]@ET-DC@eyJkeW5hbWljIjp0cnVlLCJjb250ZW50IjoicG9zdF90aXRsZSIsInNldHRpbmdzIjp7ImJlZm9yZSI6IjxoMT4iLCJhZnRlciI6IjwvaDE+In19@[\/et_pb_text][\/et_pb_column][\/et_pb_row][et_pb_row column_structure=&#8221;1_2,1_2&#8243; gutter_width=&#8221;2&#8243; _builder_version=&#8221;4.27.3&#8243; _module_preset=&#8221;default&#8221; global_colors_info=&#8221;{}&#8221; theme_builder_area=&#8221;post_content&#8221;][et_pb_column type=&#8221;1_2&#8243; _builder_version=&#8221;4.27.3&#8243; _module_preset=&#8221;default&#8221; global_colors_info=&#8221;{}&#8221; theme_builder_area=&#8221;post_content&#8221;][et_pb_image src=&#8221;https:\/\/vegme.se\/wp-content\/uploads\/2024\/11\/Indisk-Marokansk-gryta-1-1.jpg&#8221; title_text=&#8221;Indisk-Marokansk-gryta-1-1&#8243; _builder_version=&#8221;4.27.3&#8243; _module_preset=&#8221;default&#8221; hover_enabled=&#8221;0&#8243; global_colors_info=&#8221;{}&#8221; theme_builder_area=&#8221;post_content&#8221; sticky_enabled=&#8221;0&#8243;][\/et_pb_image][\/et_pb_column][et_pb_column type=&#8221;1_2&#8243; _builder_version=&#8221;4.27.3&#8243; _module_preset=&#8221;default&#8221; global_colors_info=&#8221;{}&#8221; theme_builder_area=&#8221;post_content&#8221;][et_pb_code _builder_version=&#8221;4.27.3&#8243; _module_preset=&#8221;default&#8221; global_colors_info=&#8221;{}&#8221; theme_builder_area=&#8221;post_content&#8221;]<!-- LikeBtn.com BEGIN --><span class=\"likebtn-wrapper\"  data-identifier=\"page_747\"  data-site_id=\"6744578e6fd08bb0055e7823\"  data-theme=\"custom\"  data-icon_l=\"hrt3\"  data-icon_size=\"20\"  data-icon_l_c=\"#dddddd\"  data-icon_l_c_v=\"#cb5199\"  data-label_c=\"#dddddd\"  data-label_c_v=\"#cb5199\"  data-counter_l_c=\"#dddddd\"  data-bg_c=\"#ffffff\"  data-brdr_c=\"#dddddd\"  data-show_like_label=\"false\"  data-dislike_enabled=\"false\"  data-icon_dislike_show=\"false\"  data-white_label=\"true\"  data-i18n_like=\"Love this\"  data-item_url=\"https:\/\/vegme.se\/en\/recept\/indisk-marockansk-gryta\/\"  data-item_title=\"Indisk\/marockansk gryta\"  data-item_date=\"2024-11-26T15:05:00+01:00\"  data-engine=\"WordPress\"  data-plugin_v=\"2.6.59\"  data-prx=\"https:\/\/vegme.se\/wp-admin\/admin-ajax.php?action=likebtn_prx\"  data-event_handler=\"likebtn_eh\" ><\/span><!-- LikeBtn.com END -->[\/et_pb_code][et_pb_text _builder_version=&#8221;4.27.3&#8243; _module_preset=&#8221;default&#8221; hover_enabled=&#8221;0&#8243; global_colors_info=&#8221;{}&#8221; theme_builder_area=&#8221;post_content&#8221; sticky_enabled=&#8221;0&#8243;]4 portioner<\/p>\n<p>1 frp VegMe Formbar f\u00e4rs<br \/>\n1 gul l\u00f6k<br \/>\n1 r\u00f6d paprika<br \/>\n\u00bd spansk r\u00f6d peppar<br \/>\n1 msk finriven ingef\u00e4ra<br \/>\n4 kardemummak\u00e4rnor<br \/>\n1 tsk spiskummin<br \/>\n1 tsk Garam masalapulver<br \/>\n1 burk krossade tomater<br \/>\n1\/2 dl vatten<br \/>\n8 torkade aprikoser<br \/>\n3 dl ris<br \/>\n2 msk olivolja eller rapsolja<br \/>\n1-2 tsk salt<br \/>\nSvartpeppar efter smak<\/p>\n<p>G\u00f6r s\u00e5 h\u00e4r<br \/>\nFinhacka l\u00f6k och spansk peppar. T\u00e4rna paprikan. V\u00e4rm olja i en gryta och fr\u00e4s l\u00f6k, peppar, paprika och ingef\u00e4ra med kryddorna. Tills\u00e4tt f\u00e4rsen och r\u00f6r runt tills allt \u00e4r varmt. Tills\u00e4tt krossade tomater och vatten. L\u00e5t sm\u00e5koka under lock cirka 10 minuter. Tillaga under tiden riset enligt anvisning p\u00e5 f\u00f6rpackningen. Grovhacka aprikoserna och blanda i grytan. L\u00e5t sm\u00e5koka ytterligare 10 minuter. Smaka av med salt och peppar.<\/p>\n<p>Gott tillbeh\u00f6r<br \/>\nBlanda 1,5 dl VegMe Aioli med 1 dl hackad f\u00e4rsk mynta.[\/et_pb_text][\/et_pb_column][\/et_pb_row][\/et_pb_section]<\/p>\n<div class=\"likebtn_container\" style=\"\"><!-- LikeBtn.com BEGIN --><span class=\"likebtn-wrapper\"  data-identifier=\"page_747\"  data-site_id=\"6744578e6fd08bb0055e7823\"  data-style=\"\"  data-unlike_allowed=\"\"  data-show_copyright=\"\"  data-item_url=\"https:\/\/vegme.se\/en\/recept\/indisk-marockansk-gryta\/\"  data-item_title=\"Indisk\/marockansk gryta\"  data-item_date=\"2024-11-26T15:05:00+01:00\"  data-engine=\"WordPress\"  data-plugin_v=\"2.6.59\"  data-prx=\"https:\/\/vegme.se\/wp-admin\/admin-ajax.php?action=likebtn_prx\"  data-event_handler=\"likebtn_eh\" ><\/span><!-- LikeBtn.com END --><\/div>","protected":false},"excerpt":{"rendered":"<p><!-- LikeBtn.com BEGIN --><span class=\"likebtn-wrapper\"  data-identifier=\"page_747\"  data-site_id=\"6744578e6fd08bb0055e7823\"  data-theme=\"custom\"  data-icon_l=\"hrt3\"  data-icon_size=\"20\"  data-icon_l_c=\"#dddddd\"  data-icon_l_c_v=\"#cb5199\"  data-label_c=\"#dddddd\"  data-label_c_v=\"#cb5199\"  data-counter_l_c=\"#dddddd\"  data-bg_c=\"#ffffff\"  data-brdr_c=\"#dddddd\"  data-show_like_label=\"false\"  data-dislike_enabled=\"false\"  data-icon_dislike_show=\"false\"  data-white_label=\"true\"  data-i18n_like=\"Love this\"  data-item_url=\"https:\/\/vegme.se\/en\/recept\/indisk-marockansk-gryta\/\"  data-item_title=\"Indisk\/marockansk gryta\"  data-item_date=\"2024-11-26T15:05:00+01:00\"  data-engine=\"WordPress\"  data-plugin_v=\"2.6.59\"  data-prx=\"https:\/\/vegme.se\/wp-admin\/admin-ajax.php?action=likebtn_prx\"  data-event_handler=\"likebtn_eh\" ><\/span><!-- LikeBtn.com END -->4 portioner 1 frp VegMe Formbar f\u00e4rs 1 gul l\u00f6k 1 r\u00f6d paprika \u00bd spansk r\u00f6d peppar 1 msk finriven ingef\u00e4ra 4 kardemummak\u00e4rnor 1 tsk spiskummin 1 tsk Garam masalapulver 1 burk krossade tomater 1\/2 dl vatten 8 [&hellip;]<\/p>\n<div class=\"likebtn_container\" style=\"\"><!-- LikeBtn.com BEGIN --><span class=\"likebtn-wrapper\"  data-identifier=\"page_747\"  data-site_id=\"6744578e6fd08bb0055e7823\"  data-style=\"\"  data-unlike_allowed=\"\"  data-show_copyright=\"\"  data-item_url=\"https:\/\/vegme.se\/en\/recept\/indisk-marockansk-gryta\/\"  data-item_title=\"Indisk\/marockansk gryta\"  data-item_date=\"2024-11-26T15:05:00+01:00\"  data-engine=\"WordPress\"  data-plugin_v=\"2.6.59\"  data-prx=\"https:\/\/vegme.se\/wp-admin\/admin-ajax.php?action=likebtn_prx\"  data-event_handler=\"likebtn_eh\" ><\/span><!-- LikeBtn.com END --><\/div>","protected":false},"author":1,"featured_media":0,"parent":26,"menu_order":0,"comment_status":"closed","ping_status":"closed","template":"","meta":{"_et_pb_use_builder":"on","_et_pb_old_content":"","_et_gb_content_width":"","footnotes":""},"class_list":["post-747","page","type-page","status-publish","hentry"],"_links":{"self":[{"href":"https:\/\/vegme.se\/en\/wp-json\/wp\/v2\/pages\/747","targetHints":{"allow":["GET"]}}],"collection":[{"href":"https:\/\/vegme.se\/en\/wp-json\/wp\/v2\/pages"}],"about":[{"href":"https:\/\/vegme.se\/en\/wp-json\/wp\/v2\/types\/page"}],"author":[{"embeddable":true,"href":"https:\/\/vegme.se\/en\/wp-json\/wp\/v2\/users\/1"}],"replies":[{"embeddable":true,"href":"https:\/\/vegme.se\/en\/wp-json\/wp\/v2\/comments?post=747"}],"version-history":[{"count":3,"href":"https:\/\/vegme.se\/en\/wp-json\/wp\/v2\/pages\/747\/revisions"}],"predecessor-version":[{"id":750,"href":"https:\/\/vegme.se\/en\/wp-json\/wp\/v2\/pages\/747\/revisions\/750"}],"up":[{"embeddable":true,"href":"https:\/\/vegme.se\/en\/wp-json\/wp\/v2\/pages\/26"}],"wp:attachment":[{"href":"https:\/\/vegme.se\/en\/wp-json\/wp\/v2\/media?parent=747"}],"curies":[{"name":"wp","href":"https:\/\/api.w.org\/{rel}","templated":true}]}}