{"id":7677,"date":"2024-12-05T10:57:43","date_gmt":"2024-12-05T09:57:43","guid":{"rendered":"https:\/\/vegme.se\/?post_type=product&#038;p=7677"},"modified":"2025-12-16T15:33:32","modified_gmt":"2025-12-16T14:33:32","slug":"thaigryta-med-ris","status":"publish","type":"product","link":"https:\/\/vegme.se\/en\/sortiment\/thaigryta-med-ris\/","title":{"rendered":"Thaigryta med ris"},"content":{"rendered":"<p>Ingredienser: Thaigryta 56% vatten, Vegme pulled a\u0308rta (vatten, svenskt a\u0308rtportein (32%), socker, lo\u0308k, naturlig arom, a\u0308ttika, salt, ro\u0308dbetspulver), kokosgra\u0308dde (kokosno\u0308tsextrakt 95%, vatten), morot, lo\u0308k, paprika, tomatpure\u0301, SOJASA\u030aS (vatten, SOJABO\u0308NOR, majsmjo\u0308l, salt), majssta\u0308rkelse, rapsolja, ro\u0308d currypasta (vitlo\u0308k, ro\u0308d chili, citrongra\u0308s, salt, lo\u0308k, thai chili, galanga, kaffir lime blad, fa\u0308nka\u030al, koriander), vitlo\u0308k, havssalt, ingefa\u0308ra, a\u0308ppeljuice, citron (citronjuice fra\u030an koncentrat 99,93%, inneha\u030aller SULFIT), koriander, SESAMOLJA, limeblad, svartpeppar, kokt ris 44%, chiliflakes (chili, salt, vegetabilisk olja (raps)<\/p>\n<p>Tillagning:<br \/>\nMikro: Stick n\u00e5gra h\u00e5l i plasten, v\u00e4rm ca 3 min (750W). L\u00e5t r\u00e4tten vila ca 1 min, drag av plasten.<br \/>\nUgn: Tag av plasten, v\u00e4rm i ugn ca 10-15 min i 200C\u00b0<\/p>\n<p>N\u00e4ringsv\u00e4rde per 100g:<br \/>\nEnergi 483kJ\/115 kcal<br \/>\nFett 3,7g<br \/>\nvarav m\u00e4ttat fett 2,3g<br \/>\nKolhydrat 15,2g<br \/>\nvarav sockerarter 1,3g<br \/>\nprotein 4,5g<br \/>\nsalt 0,7g<\/p>\n<p>Kylvara<\/p>\n<p>Plantbaserad<\/p>\n<p>Producerat i Sverige<\/p>","protected":false},"excerpt":{"rendered":"<p>Thaigryta med ris<\/p>\n<p>Kyld f\u00e4rdigr\u00e4tt 400g<\/p>\n<p>Thaigryta med ris en klassiker med r\u00f6d curry, pulled VegMe \u00e4rta och gr\u00f6nsaker tillsammans med jasminris. Lagom hetta av chili och kryddiga smaker.<\/p>","protected":false},"featured_media":7842,"comment_status":"open","ping_status":"closed","template":"","meta":{"_et_pb_use_builder":"","_et_pb_old_content":"","_et_gb_content_width":""},"product_brand":[],"product_cat":[57],"product_tag":[],"class_list":{"0":"post-7677","1":"product","2":"type-product","3":"status-publish","4":"has-post-thumbnail","6":"product_cat-fardiga-ratter","8":"first","9":"instock","10":"shipping-taxable","11":"product-type-simple"},"_links":{"self":[{"href":"https:\/\/vegme.se\/en\/wp-json\/wp\/v2\/product\/7677","targetHints":{"allow":["GET"]}}],"collection":[{"href":"https:\/\/vegme.se\/en\/wp-json\/wp\/v2\/product"}],"about":[{"href":"https:\/\/vegme.se\/en\/wp-json\/wp\/v2\/types\/product"}],"replies":[{"embeddable":true,"href":"https:\/\/vegme.se\/en\/wp-json\/wp\/v2\/comments?post=7677"}],"wp:featuredmedia":[{"embeddable":true,"href":"https:\/\/vegme.se\/en\/wp-json\/wp\/v2\/media\/7842"}],"wp:attachment":[{"href":"https:\/\/vegme.se\/en\/wp-json\/wp\/v2\/media?parent=7677"}],"wp:term":[{"taxonomy":"product_brand","embeddable":true,"href":"https:\/\/vegme.se\/en\/wp-json\/wp\/v2\/product_brand?post=7677"},{"taxonomy":"product_cat","embeddable":true,"href":"https:\/\/vegme.se\/en\/wp-json\/wp\/v2\/product_cat?post=7677"},{"taxonomy":"product_tag","embeddable":true,"href":"https:\/\/vegme.se\/en\/wp-json\/wp\/v2\/product_tag?post=7677"}],"curies":[{"name":"wp","href":"https:\/\/api.w.org\/{rel}","templated":true}]}}