{"id":7678,"date":"2024-12-05T10:58:45","date_gmt":"2024-12-05T09:58:45","guid":{"rendered":"https:\/\/vegme.se\/?post_type=product&#038;p=7678"},"modified":"2025-12-16T15:32:57","modified_gmt":"2025-12-16T14:32:57","slug":"lasagnette","status":"publish","type":"product","link":"https:\/\/vegme.se\/en\/sortiment\/lasagnette\/","title":{"rendered":"Lasagnette"},"content":{"rendered":"<p>Ingredienser: Lasagnette 81% (tomat, vatten, VegMe fa\u0308rs 13% (vatten, svenskt a\u0308rtprotein (12%), svensk KRAV-odlad quinoa (10%), svensk rapsolja, salt, lo\u0308k, socker, svensk sockerta\u030ang fra\u030an Bohusla\u0308n (Saccharina latissima) a\u0308ttika, naturlig arom, svartpeppar, ro\u0308dbetspulver), HAVREGRA\u0308DDE (vatten, rybsolja, glutenfritt HAVREMJO\u0308L, modifierad sta\u0308rkelse, bambufiber, salt, fa\u0308rga\u0308mne (karotener). Pasta (DURUMVETE, vatten. Kan inneha\u030alla spa\u030ar av SENAP och SOJA), morot, lo\u0308k, margarin (va\u0308xtoljor (solros, raps i varierande proportioner), kokosfett, vatten, bondbo\u0308na, glukos, vegansk mozzarella (vatten, kokosolja (24%), modifierad sta\u0308rkelse, sta\u0308rkelse, havssalt, ro\u0308nnba\u0308rsextrakt, olivextrakt), rapsolja, tomatpure\u0301, majssta\u0308rkelse, havssalt, vina\u0308ger (inneha\u030aller SULFIT), vitlo\u0308k, gro\u0308nsaksfond (vatten, gro\u0308nsaksjuicekoncentrat 12% (morot, lo\u0308k, purjolo\u0308k)), salt, naturlig arom, socker, arom, palsternacka 1,0%, vitlo\u0308kspulver, solrosolja), na\u0308ringsja\u0308st (inaktiv ja\u0308st, kan inneha\u030alla spa\u030ar av GLUTEN, SESAM och SOJA), svartpeppar, oregano, basilika, timjan, muskotno\u0308t, chilipulver), Tomatsa\u030as 19% (tomat, vatten, tomatpure\u0301, socker, rapsolja, vitlo\u0308k, havssalt, basilika, vitpeppar, oregano),persilja<\/p>\n<p>Tillagning:<br \/>\nMikro: Stick n\u00e5gra h\u00e5l i plasten,  v\u00e4rm ca 3 min (750W). L\u00e5t r\u00e4tten vila ca 1 min, drag av plasten.<br \/>\nUgn: Tag av plasten, v\u00e4rm i ugn ca 10-15 min i 200C\u00b0<\/p>\n<p>N\u00e4ringsv\u00e4rde per 100g:<br \/>\nEnergi              401kJ\/96 kcal<br \/>\nFett                 4,6g<br \/>\nvarav m\u00e4ttat fett  0,95g<br \/>\nKolhydrat           10,1g<br \/>\nvarav sockerarter   3,5g<br \/>\nprotein             3,2g<br \/>\nsalt                1,0g<\/p>\n<p>Kylvara <\/p>\n<p>Plantbaserad <\/p>\n<p>Producerat i Sverige<\/p>","protected":false},"excerpt":{"rendered":"<p>Lasagnette<\/p>\n<p>Kyld f\u00e4rdigr\u00e4tt 400g<\/p>\n<p>VegMe lasagnette,en favorit bland italienska r\u00e4tter. Kr\u00e4mig med plantbaserad bechamel, vemme f\u00e4rs och extra tomats\u00e5s.<\/p>","protected":false},"featured_media":7843,"comment_status":"open","ping_status":"closed","template":"","meta":{"_et_pb_use_builder":"","_et_pb_old_content":"","_et_gb_content_width":""},"product_brand":[],"product_cat":[57],"product_tag":[],"class_list":{"0":"post-7678","1":"product","2":"type-product","3":"status-publish","4":"has-post-thumbnail","6":"product_cat-fardiga-ratter","8":"first","9":"instock","10":"shipping-taxable","11":"product-type-simple"},"_links":{"self":[{"href":"https:\/\/vegme.se\/en\/wp-json\/wp\/v2\/product\/7678","targetHints":{"allow":["GET"]}}],"collection":[{"href":"https:\/\/vegme.se\/en\/wp-json\/wp\/v2\/product"}],"about":[{"href":"https:\/\/vegme.se\/en\/wp-json\/wp\/v2\/types\/product"}],"replies":[{"embeddable":true,"href":"https:\/\/vegme.se\/en\/wp-json\/wp\/v2\/comments?post=7678"}],"wp:featuredmedia":[{"embeddable":true,"href":"https:\/\/vegme.se\/en\/wp-json\/wp\/v2\/media\/7843"}],"wp:attachment":[{"href":"https:\/\/vegme.se\/en\/wp-json\/wp\/v2\/media?parent=7678"}],"wp:term":[{"taxonomy":"product_brand","embeddable":true,"href":"https:\/\/vegme.se\/en\/wp-json\/wp\/v2\/product_brand?post=7678"},{"taxonomy":"product_cat","embeddable":true,"href":"https:\/\/vegme.se\/en\/wp-json\/wp\/v2\/product_cat?post=7678"},{"taxonomy":"product_tag","embeddable":true,"href":"https:\/\/vegme.se\/en\/wp-json\/wp\/v2\/product_tag?post=7678"}],"curies":[{"name":"wp","href":"https:\/\/api.w.org\/{rel}","templated":true}]}}