{"id":7679,"date":"2024-12-05T10:59:12","date_gmt":"2024-12-05T09:59:12","guid":{"rendered":"https:\/\/vegme.se\/?post_type=product&#038;p=7679"},"modified":"2025-12-16T15:32:22","modified_gmt":"2025-12-16T14:32:22","slug":"vegobullar-med-mos","status":"publish","type":"product","link":"https:\/\/vegme.se\/en\/sortiment\/vegobullar-med-mos\/","title":{"rendered":"Vegobullar med mos"},"content":{"rendered":"<p>Ingredienser: Potatismos 48%( potatis, HAVREdryck (vatten, glutenfritt HAVREmj\u00f6l, rybsolja, salt), margarin( v\u00e4xtoljor(solros, raps), kokosfett, vatten, bondb\u00f6na, naturlig arom, glukos) havssalt, svartpeppar, muskotn\u00f6t)VegMe bullar 24%, (vatten, svenskt \u00e4rtprotein, svensk quinoa, svensk rapsolja, svensk sockert\u00e5ng, (Saccharina latissima), \u00e4ttika, stabiliseringsmedel (metylcellulosa), l\u00f6k, salt, naturlig arom, svartpeppar)), gr\u00e4dds\u00e5s 22%, ( HAVREgr\u00e4dde( vatten, rybsolja, glutenfritt HAVREmj\u00f6l, modifierad st\u00e4rkelse, bambufiber, salt)vatten, SOJAS\u00c5S( vatten, SOJAB\u00d6NOR, majsmj\u00f6l, salt) tomatpur\u00e9, svartvinb\u00e4rsgel\u00e9 (socker, svartvinb\u00e4rsjuice), majsst\u00e4rkelse, gr\u00f6nsaksfond ( vatten, gr\u00f6nsaksjuicekoncentrat (morot,l\u00f6k,purjol\u00f6k))salt, naturlig arom, palsternacka, modifierad majsst\u00e4rkelse, vitl\u00f6kspulver,solrosolja), svartpeppar)), lingonsylt (lingon, socker, vatten, stabiliseringsmedel(pektin), surhetsreglerande medel(citronsyra)konserveringsmedel(kaliumsorbat, natriumbensoat)),persilja<\/p>\n<p>Tillagning:<br \/>\nMikro: Stick n\u00e5gra h\u00e5l i plasten, drag av plastfilmen en bit och tag ur beh\u00e5llaren med lingonsylt, V\u00e4rm ca 3 min ( 750W). L\u00e5t r\u00e4tten vila ca 1 min, drag av plasten.<br \/>\nUgn: Tag av plasten, plocka ur beh\u00e5llaren med lingonsylt, v\u00e4rm i ugn ca 10-15 min i 200C\u00b0<\/p>\n<p>N\u00e4ringsv\u00e4rde per 100g:<br \/>\nEnergi 524kJ\/126 kcal<br \/>\nFett 5,6g<br \/>\nvarav m\u00e4ttat fett 0,8g<br \/>\nKolhydrat 13,7g<br \/>\nvarav sockerarter 4,2g<br \/>\nprotein 3,4g<br \/>\nsalt 1,2g<\/p>\n<p>Kylvara<\/p>\n<p>Plantbaserad<\/p>\n<p>Producerat i Sverige<\/p>","protected":false},"excerpt":{"rendered":"<p>Vegobullar med mos<\/p>\n<p>Kyld f\u00e4rdigr\u00e4tt 400g<\/p>\n<p>VegMe vegobullar, sm\u00e5 fina delikatessbullar med plantbaserad gr\u00e4ddig s\u00e5s, hemlagat potatismos och en burk med lingon.<\/p>","protected":false},"featured_media":7841,"comment_status":"open","ping_status":"closed","template":"","meta":{"_et_pb_use_builder":"","_et_pb_old_content":"","_et_gb_content_width":""},"product_brand":[],"product_cat":[57],"product_tag":[],"class_list":{"0":"post-7679","1":"product","2":"type-product","3":"status-publish","4":"has-post-thumbnail","6":"product_cat-fardiga-ratter","8":"first","9":"instock","10":"shipping-taxable","11":"product-type-simple"},"_links":{"self":[{"href":"https:\/\/vegme.se\/en\/wp-json\/wp\/v2\/product\/7679","targetHints":{"allow":["GET"]}}],"collection":[{"href":"https:\/\/vegme.se\/en\/wp-json\/wp\/v2\/product"}],"about":[{"href":"https:\/\/vegme.se\/en\/wp-json\/wp\/v2\/types\/product"}],"replies":[{"embeddable":true,"href":"https:\/\/vegme.se\/en\/wp-json\/wp\/v2\/comments?post=7679"}],"wp:featuredmedia":[{"embeddable":true,"href":"https:\/\/vegme.se\/en\/wp-json\/wp\/v2\/media\/7841"}],"wp:attachment":[{"href":"https:\/\/vegme.se\/en\/wp-json\/wp\/v2\/media?parent=7679"}],"wp:term":[{"taxonomy":"product_brand","embeddable":true,"href":"https:\/\/vegme.se\/en\/wp-json\/wp\/v2\/product_brand?post=7679"},{"taxonomy":"product_cat","embeddable":true,"href":"https:\/\/vegme.se\/en\/wp-json\/wp\/v2\/product_cat?post=7679"},{"taxonomy":"product_tag","embeddable":true,"href":"https:\/\/vegme.se\/en\/wp-json\/wp\/v2\/product_tag?post=7679"}],"curies":[{"name":"wp","href":"https:\/\/api.w.org\/{rel}","templated":true}]}}