{"id":7681,"date":"2024-12-05T11:00:34","date_gmt":"2024-12-05T10:00:34","guid":{"rendered":"https:\/\/vegme.se\/?post_type=product&#038;p=7681"},"modified":"2026-01-14T13:58:42","modified_gmt":"2026-01-14T12:58:42","slug":"vegobullar","status":"publish","type":"product","link":"https:\/\/vegme.se\/en\/sortiment\/vegobullar\/","title":{"rendered":"Vegobullar 300g"},"content":{"rendered":"<p><strong>Kommande produkt!<\/strong><\/p>\n<p>Ingredienser: vatten, protein av svensk \u00e4rta (19%), svensk KRAV-odlad quinoa (11%), rapsolja (Sverige), sockert\u00e5ng Saccharina latissima (Sverige, Bohusl\u00e4n),\u00e4ttika, stabiliseringsmedel (metylcellulosa),l\u00f6k, salt, naturlig arom, svartpeppar, r\u00f6dbetsoulver<\/p>\n<p>N\u00e4ringsv\u00e4rde per 100g:<br \/>\nEnergi 715kJ\/171 kcal<br \/>\nFett 10g<br \/>\nvarav m\u00e4ttat fett 0,8g<br \/>\nKolhydrat 6,7g<br \/>\nvarav sockerarter 1,2g<br \/>\nprotein 11g<br \/>\nfiber 4,7g<br \/>\nsalt 1,3g<\/p>\n<p>Frysvara<br \/>\nH\u00e5llbarhet: I frys 544 dagar<br \/>\nPlantbaserad<\/p>\n<p>Producerat i Sverige<\/p>","protected":false},"excerpt":{"rendered":"<p>Vegobullar \u00e4rta- och quinoa 300g<\/p>\n<p>VegMe vegobullar, sm\u00e5 fina delikatessbullar med mild umamismak fr\u00e5n Bohusl\u00e4ndska alger och en n\u00f6tighet fr\u00e5n quinoa. Stek bullarna i panna eller ugn med lite matfett.<br \/>\nGoda som en klassiker vegobullar med mos eller varf\u00f6r inte i en mustig tomats\u00e5s med pasta.<\/p>","protected":false},"featured_media":8614,"comment_status":"open","ping_status":"closed","template":"","meta":{"_et_pb_use_builder":"","_et_pb_old_content":"","_et_gb_content_width":""},"product_brand":[],"product_cat":[58],"product_tag":[],"class_list":{"0":"post-7681","1":"product","2":"type-product","3":"status-publish","4":"has-post-thumbnail","6":"product_cat-fryst","8":"first","9":"instock","10":"shipping-taxable","11":"product-type-simple"},"_links":{"self":[{"href":"https:\/\/vegme.se\/en\/wp-json\/wp\/v2\/product\/7681","targetHints":{"allow":["GET"]}}],"collection":[{"href":"https:\/\/vegme.se\/en\/wp-json\/wp\/v2\/product"}],"about":[{"href":"https:\/\/vegme.se\/en\/wp-json\/wp\/v2\/types\/product"}],"replies":[{"embeddable":true,"href":"https:\/\/vegme.se\/en\/wp-json\/wp\/v2\/comments?post=7681"}],"wp:featuredmedia":[{"embeddable":true,"href":"https:\/\/vegme.se\/en\/wp-json\/wp\/v2\/media\/8614"}],"wp:attachment":[{"href":"https:\/\/vegme.se\/en\/wp-json\/wp\/v2\/media?parent=7681"}],"wp:term":[{"taxonomy":"product_brand","embeddable":true,"href":"https:\/\/vegme.se\/en\/wp-json\/wp\/v2\/product_brand?post=7681"},{"taxonomy":"product_cat","embeddable":true,"href":"https:\/\/vegme.se\/en\/wp-json\/wp\/v2\/product_cat?post=7681"},{"taxonomy":"product_tag","embeddable":true,"href":"https:\/\/vegme.se\/en\/wp-json\/wp\/v2\/product_tag?post=7681"}],"curies":[{"name":"wp","href":"https:\/\/api.w.org\/{rel}","templated":true}]}}