{"id":7682,"date":"2024-12-05T11:01:10","date_gmt":"2024-12-05T10:01:10","guid":{"rendered":"https:\/\/vegme.se\/?post_type=product&#038;p=7682"},"modified":"2026-01-14T13:58:08","modified_gmt":"2026-01-14T12:58:08","slug":"pulled-arta-orginal","status":"publish","type":"product","link":"https:\/\/vegme.se\/en\/sortiment\/pulled-arta-orginal\/","title":{"rendered":"Pulled \u00e4rta orginal 300g"},"content":{"rendered":"<p><strong>Kommande produkt!<\/strong><\/p>\n<p>Ingredienser: vatten, protein av svensk \u00e4rta (32%), socker, l\u00f6k, naturlig arom, \u00e4ttika, salt, r\u00f6dbetspuver<\/p>\n<p>N\u00e4ringsv\u00e4rde per 100g:<br \/>\nEnergi 565kJ\/135 kcal<br \/>\nFett 2g<br \/>\nvarav m\u00e4ttat fett 0,4g<br \/>\nKolhydrat 6g<br \/>\nvarav sockerarter 1,6g<br \/>\nprotein 21g<br \/>\nfiber 3,4g<br \/>\nsalt 0,7g<\/p>\n<p>Frysvara<br \/>\nH\u00e5llbarhet: I frys 544 dagar<br \/>\nPlantbaserad<\/p>\n<p>Producerat i Sverige<\/p>","protected":false},"excerpt":{"rendered":"<p>Pulled \u00e4rta 300g<\/p>\n<p>VegMe pulled \u00e4rta \u00e4r saftiga proteinrika bitar med en mild smaks\u00e4ttning.Bitarna \u00e4r oregelbundna och 1-3 cm l\u00e5nga. Stek som de \u00e4r och toppa p\u00e5 en sallad, anv\u00e4nd som bitar i en gryta, eller fr\u00e4s och anv\u00e4nd som kebab. M\u00f6jligheterna \u00e4r m\u00e5nga, bara fantasin s\u00e4tter gr\u00e4nser.<\/p>","protected":false},"featured_media":8616,"comment_status":"open","ping_status":"closed","template":"","meta":{"_et_pb_use_builder":"","_et_pb_old_content":"","_et_gb_content_width":""},"product_brand":[],"product_cat":[58],"product_tag":[],"class_list":{"0":"post-7682","1":"product","2":"type-product","3":"status-publish","4":"has-post-thumbnail","6":"product_cat-fryst","8":"first","9":"instock","10":"shipping-taxable","11":"product-type-simple"},"_links":{"self":[{"href":"https:\/\/vegme.se\/en\/wp-json\/wp\/v2\/product\/7682","targetHints":{"allow":["GET"]}}],"collection":[{"href":"https:\/\/vegme.se\/en\/wp-json\/wp\/v2\/product"}],"about":[{"href":"https:\/\/vegme.se\/en\/wp-json\/wp\/v2\/types\/product"}],"replies":[{"embeddable":true,"href":"https:\/\/vegme.se\/en\/wp-json\/wp\/v2\/comments?post=7682"}],"wp:featuredmedia":[{"embeddable":true,"href":"https:\/\/vegme.se\/en\/wp-json\/wp\/v2\/media\/8616"}],"wp:attachment":[{"href":"https:\/\/vegme.se\/en\/wp-json\/wp\/v2\/media?parent=7682"}],"wp:term":[{"taxonomy":"product_brand","embeddable":true,"href":"https:\/\/vegme.se\/en\/wp-json\/wp\/v2\/product_brand?post=7682"},{"taxonomy":"product_cat","embeddable":true,"href":"https:\/\/vegme.se\/en\/wp-json\/wp\/v2\/product_cat?post=7682"},{"taxonomy":"product_tag","embeddable":true,"href":"https:\/\/vegme.se\/en\/wp-json\/wp\/v2\/product_tag?post=7682"}],"curies":[{"name":"wp","href":"https:\/\/api.w.org\/{rel}","templated":true}]}}