{"id":7684,"date":"2024-12-05T11:02:05","date_gmt":"2024-12-05T10:02:05","guid":{"rendered":"https:\/\/vegme.se\/?post_type=product&#038;p=7684"},"modified":"2025-06-02T12:33:25","modified_gmt":"2025-06-02T10:33:25","slug":"vegme-burgare","status":"publish","type":"product","link":"https:\/\/vegme.se\/en\/sortiment\/vegme-burgare\/","title":{"rendered":"Vegoburgare \u00e4rta- och quinoa"},"content":{"rendered":"<p>Ingredienser: vatten, protein av svensk \u00e4rta (18%), svensk KRAV-odlad quinoa (21%), rapsolja (Sverige), sockert\u00e5ng Saccharina latissima (Sverige, Bohusl\u00e4n),l\u00f6k, \u00e4ttika, stabiliseringsmedel (metylcellulosa),salt, naturlig arom, svartpeppar, r\u00f6dbetspulver<\/p>\n<p>N\u00e4ringsv\u00e4rde per 100g:<br \/>\nEnergi 768kJ\/184 kcal<br \/>\nFett 11g<br \/>\nvarav m\u00e4ttat fett 0,9g<br \/>\nKolhydrat 7,6g<br \/>\nvarav sockerarter 1,3g<br \/>\nprotein 11g<br \/>\nfiber 4,8g<br \/>\nsalt 1,3g<\/p>\n<p>Frysvara<br \/>\nH\u00e5llbarhet: I frys 544 dagar<br \/>\nPlantbaserad<\/p>\n<p>Producerat i Sverige<\/p>","protected":false},"excerpt":{"rendered":"<p><strong><span style=\"text-decoration: underline;\">Artikelnummer:<br \/>\n<\/span>Martin &amp; Servera: 144508<\/strong><br \/>\n<strong>Menigo: 413767<\/strong><\/p>\n<p>Vegoburgare \u00e4rta- och quinoa 3kg<\/p>\n<p>VegMe burgare, saftiga burgare av \u00e4rta- och quina med umamismak fr\u00e5n Bohusl\u00e4ndska alger och en n\u00f6tighet fr\u00e5n quinoa. Stek burgarna i panna eller ugn med lite matfett, g\u00e5r ocks\u00e5 att grilla pensla d\u00e5 burgaren med matfett innan den l\u00e4ggs p\u00e5 grillen.<\/p>","protected":false},"featured_media":7876,"comment_status":"open","ping_status":"closed","template":"","meta":{"_et_pb_use_builder":"","_et_pb_old_content":"","_et_gb_content_width":""},"product_brand":[],"product_cat":[59],"product_tag":[],"class_list":{"0":"post-7684","1":"product","2":"type-product","3":"status-publish","4":"has-post-thumbnail","6":"product_cat-foodservice","8":"first","9":"instock","10":"shipping-taxable","11":"product-type-simple"},"_links":{"self":[{"href":"https:\/\/vegme.se\/en\/wp-json\/wp\/v2\/product\/7684","targetHints":{"allow":["GET"]}}],"collection":[{"href":"https:\/\/vegme.se\/en\/wp-json\/wp\/v2\/product"}],"about":[{"href":"https:\/\/vegme.se\/en\/wp-json\/wp\/v2\/types\/product"}],"replies":[{"embeddable":true,"href":"https:\/\/vegme.se\/en\/wp-json\/wp\/v2\/comments?post=7684"}],"wp:featuredmedia":[{"embeddable":true,"href":"https:\/\/vegme.se\/en\/wp-json\/wp\/v2\/media\/7876"}],"wp:attachment":[{"href":"https:\/\/vegme.se\/en\/wp-json\/wp\/v2\/media?parent=7684"}],"wp:term":[{"taxonomy":"product_brand","embeddable":true,"href":"https:\/\/vegme.se\/en\/wp-json\/wp\/v2\/product_brand?post=7684"},{"taxonomy":"product_cat","embeddable":true,"href":"https:\/\/vegme.se\/en\/wp-json\/wp\/v2\/product_cat?post=7684"},{"taxonomy":"product_tag","embeddable":true,"href":"https:\/\/vegme.se\/en\/wp-json\/wp\/v2\/product_tag?post=7684"}],"curies":[{"name":"wp","href":"https:\/\/api.w.org\/{rel}","templated":true}]}}