{"id":7687,"date":"2024-12-05T11:03:08","date_gmt":"2024-12-05T10:03:08","guid":{"rendered":"https:\/\/vegme.se\/?post_type=product&#038;p=7687"},"modified":"2025-06-02T12:29:05","modified_gmt":"2025-06-02T10:29:05","slug":"formbar-fars","status":"publish","type":"product","link":"https:\/\/vegme.se\/en\/sortiment\/formbar-fars\/","title":{"rendered":"Formbar f\u00e4rs \u00e4rta- och quinoa"},"content":{"rendered":"<p>Ingredienser: vatten, protein av svensk \u00e4rta (12%), svensk KRAV-odlad quinoa (10%), rapsolja (Sverige), salt, l\u00f6k, stabiliseringsmedel (metylcellulosa), socker,<br \/>\nsockert\u00e5ng Saccharina latissima (Sverige, Bohusl\u00e4n), \u00e4ttika, naturlig arom, svartpeppar, r\u00f6dbetspuver<\/p>\n<p>N\u00e4ringsv\u00e4rde per 100g:<br \/>\nEnergi 543kJ\/130 kcal<br \/>\nFett 5g<br \/>\nvarav m\u00e4ttat fett 0,5g<br \/>\nKolhydrat 6g<br \/>\nvarav sockerarter 1g<br \/>\nprotein 13g<br \/>\nfiber 3g<br \/>\nsalt 1g<\/p>\n<p>Frysvara<br \/>\nH\u00e5llbarhet: I frys 544 dagar<br \/>\nPlantbaserad<\/p>\n<p>Producerat i Sverige<\/p>","protected":false},"excerpt":{"rendered":"<p><strong><span style=\"text-decoration: underline;\">Artikelnummer<br \/>\n<\/span><\/strong><strong>Martin &amp; Servera: 144589<\/strong><br \/>\n<strong>Menigo: 413768<\/strong><\/p>\n<p>Formbar f\u00e4rs \u00e4rta- och quinoa 3kg<\/p>\n<p>VegMe formbar f\u00e4rs har en mild och god smak av umami med m\u00f6jlighet till egna smaks\u00e4ttnigar och kryddor. Forma till biffar, bollar eller stek som en helt vanlig f\u00e4rs.<br \/>\nF\u00e4rsen formas n\u00e4r den \u00e4r kylsk\u00e5pskall, l\u00e4gg fram ungef\u00e4r en time innan anv\u00e4ndning eller i kylen en dag i f\u00f6rv\u00e4g.<\/p>","protected":false},"featured_media":7875,"comment_status":"open","ping_status":"closed","template":"","meta":{"_et_pb_use_builder":"","_et_pb_old_content":"","_et_gb_content_width":""},"product_brand":[],"product_cat":[59],"product_tag":[],"class_list":{"0":"post-7687","1":"product","2":"type-product","3":"status-publish","4":"has-post-thumbnail","6":"product_cat-foodservice","8":"first","9":"instock","10":"shipping-taxable","11":"product-type-simple"},"_links":{"self":[{"href":"https:\/\/vegme.se\/en\/wp-json\/wp\/v2\/product\/7687","targetHints":{"allow":["GET"]}}],"collection":[{"href":"https:\/\/vegme.se\/en\/wp-json\/wp\/v2\/product"}],"about":[{"href":"https:\/\/vegme.se\/en\/wp-json\/wp\/v2\/types\/product"}],"replies":[{"embeddable":true,"href":"https:\/\/vegme.se\/en\/wp-json\/wp\/v2\/comments?post=7687"}],"wp:featuredmedia":[{"embeddable":true,"href":"https:\/\/vegme.se\/en\/wp-json\/wp\/v2\/media\/7875"}],"wp:attachment":[{"href":"https:\/\/vegme.se\/en\/wp-json\/wp\/v2\/media?parent=7687"}],"wp:term":[{"taxonomy":"product_brand","embeddable":true,"href":"https:\/\/vegme.se\/en\/wp-json\/wp\/v2\/product_brand?post=7687"},{"taxonomy":"product_cat","embeddable":true,"href":"https:\/\/vegme.se\/en\/wp-json\/wp\/v2\/product_cat?post=7687"},{"taxonomy":"product_tag","embeddable":true,"href":"https:\/\/vegme.se\/en\/wp-json\/wp\/v2\/product_tag?post=7687"}],"curies":[{"name":"wp","href":"https:\/\/api.w.org\/{rel}","templated":true}]}}