{"id":7725,"date":"2024-12-05T15:35:27","date_gmt":"2024-12-05T14:35:27","guid":{"rendered":"https:\/\/vegme.se\/?post_type=product&#038;p=7725"},"modified":"2025-06-02T11:31:46","modified_gmt":"2025-06-02T09:31:46","slug":"mangotarta","status":"publish","type":"product","link":"https:\/\/vegme.se\/en\/sortiment\/mangotarta\/","title":{"rendered":"Mango cheesecake minit\u00e5rta 330g"},"content":{"rendered":"<p>Ingredienser: agave , cashewn\u00f6tter , vanilj , mandel , kokosolja , mangomassa , salt , citronsaft<\/p>\n<p>N\u00e4ringsv\u00e4rde per 100g:<br \/>\nEnergi             260 kcal<br \/>\nFett                20 g<br \/>\nvarav m\u00e4ttat fett    7g<br \/>\nKolhydrat           27g<br \/>\nvarav sockerarter   10g<br \/>\nprotein             10g<\/p>\n<p>Frysvara<br \/>\nUpptining: 60 minuter i kyl eller 30 min i rumstemperatur<br \/>\nH\u00e5llbarhet: I frys 365 dagar, upptinad i kyl 4 dagar<br \/>\nPlantbaserad<br \/>\nFritt fr\u00e5n: gluten, raffinerat socker, \u00e4gg, mj\u00f6lk,<\/p>","protected":false},"excerpt":{"rendered":"<p>Mango cheesecake<br \/>\nMinit\u00e5rta,  3-4 portioner  330g<br \/>\nDiameter 115 mm<br \/>\nH\u00f6jd 35 mm<\/p>\n<p>Mango- och cashwekr\u00e4m som cheesecakebas p\u00e5 en krispig botten av hackad mandel och agave, toppad med en s\u00f6t och h\u00e4rlig mangotopping.<\/p>","protected":false},"featured_media":8618,"comment_status":"open","ping_status":"closed","template":"","meta":{"_et_pb_use_builder":"","_et_pb_old_content":"","_et_gb_content_width":""},"product_brand":[],"product_cat":[61],"product_tag":[],"class_list":{"0":"post-7725","1":"product","2":"type-product","3":"status-publish","4":"has-post-thumbnail","6":"product_cat-sweets","8":"first","9":"outofstock","10":"shipping-taxable","11":"product-type-simple"},"_links":{"self":[{"href":"https:\/\/vegme.se\/en\/wp-json\/wp\/v2\/product\/7725","targetHints":{"allow":["GET"]}}],"collection":[{"href":"https:\/\/vegme.se\/en\/wp-json\/wp\/v2\/product"}],"about":[{"href":"https:\/\/vegme.se\/en\/wp-json\/wp\/v2\/types\/product"}],"replies":[{"embeddable":true,"href":"https:\/\/vegme.se\/en\/wp-json\/wp\/v2\/comments?post=7725"}],"wp:featuredmedia":[{"embeddable":true,"href":"https:\/\/vegme.se\/en\/wp-json\/wp\/v2\/media\/8618"}],"wp:attachment":[{"href":"https:\/\/vegme.se\/en\/wp-json\/wp\/v2\/media?parent=7725"}],"wp:term":[{"taxonomy":"product_brand","embeddable":true,"href":"https:\/\/vegme.se\/en\/wp-json\/wp\/v2\/product_brand?post=7725"},{"taxonomy":"product_cat","embeddable":true,"href":"https:\/\/vegme.se\/en\/wp-json\/wp\/v2\/product_cat?post=7725"},{"taxonomy":"product_tag","embeddable":true,"href":"https:\/\/vegme.se\/en\/wp-json\/wp\/v2\/product_tag?post=7725"}],"curies":[{"name":"wp","href":"https:\/\/api.w.org\/{rel}","templated":true}]}}