{"id":9142,"date":"2026-01-14T13:29:22","date_gmt":"2026-01-14T12:29:22","guid":{"rendered":"https:\/\/vegme.se\/?post_type=product&#038;p=9142"},"modified":"2026-01-14T13:53:45","modified_gmt":"2026-01-14T12:53:45","slug":"hallon-cheesecake-mumsbit-30g","status":"publish","type":"product","link":"https:\/\/vegme.se\/en\/sortiment\/hallon-cheesecake-mumsbit-30g\/","title":{"rendered":"Hallon cheesecake mumsbit 30g"},"content":{"rendered":"<div class=\"et_pb_module et_pb_wc_description et_pb_wc_description_0_tb_body et_pb_bg_layout_light et_pb_text_align_left\">\n<div class=\"et_pb_module_inner\">\n<div id=\"main-content\">\n<div class=\"et-l et-l--body\">\n<div class=\"et_builder_inner_content et_pb_gutters3 product\">\n<div class=\"et_pb_section et_pb_section_0_tb_body et_pb_with_background et_section_regular\">\n<div class=\"et_pb_row et_pb_row_0_tb_body aa-product-row et_pb_equal_columns et_pb_gutters3\">\n<div class=\"et_pb_column et_pb_column_3_5 et_pb_column_1_tb_body et_pb_css_mix_blend_mode_passthrough et-last-child\">\n<div class=\"et_pb_module et_pb_toggle et_pb_toggle_0_tb_body custom-toggle et_pb_toggle_item et_pb_toggle_open\">\n<h5 class=\"et_pb_toggle_title\">Ingredienser och Beskrivning<\/h5>\n<div class=\"et_pb_toggle_content clearfix\">\n<div class=\"woocommerce et-dynamic-content-woo et-dynamic-content-woo--product_description\">\n<p>Ingredienser: Cashewn\u00f6tter , hallonpur\u00e9, mandel, agave, kokosolja, cintronjuice, vanilj, agar-agar, salt<\/p>\n<p>N\u00e4ringsv\u00e4rde per 100g:<br \/>\nEnergi 250 kcal<br \/>\nFett 15 g<br \/>\nvarav m\u00e4ttat fett 6g<br \/>\nKolhydrat 20g<br \/>\nvarav sockerarter 5g<br \/>\nprotein 9g<\/p>\n<p>Frysvara<br \/>\nUpptining: 30 minuter i kyl eller 10 min i rumstemperatur<br \/>\nH\u00e5llbarhet: I frys 365 dagar, upptinad i kyl 4 dagar<br \/>\nPlantbaserad<br \/>\nFritt fr\u00e5n: gluten, raffinerat socker, \u00e4gg, mj\u00f6lk,<\/p>\n<\/div>\n<\/div>\n<\/div>\n<div class=\"et_pb_button_module_wrapper et_pb_button_0_tb_body_wrapper et_pb_button_alignment_center et_pb_module\"><a class=\"et_pb_button et_pb_button_0_tb_body et_pb_bg_layout_light\" href=\"https:\/\/vegme.se\/en\/kontakt\/\" data-icon=\"$\">Kontakta oss f\u00f6r mer information<\/a><\/div>\n<\/div>\n<\/div>\n<\/div>\n<\/div>\n<\/div>\n<\/div>\n<footer class=\"et-l et-l--footer\">\n<div class=\"et_builder_inner_content et_pb_gutters3 product\">\n<div class=\"et_pb_with_border et_pb_section et_pb_section_0_tb_footer et_pb_with_background et_section_regular\">\n<div class=\"et_pb_row et_pb_row_0_tb_footer et_pb_equal_columns et_pb_gutters1\">\n<div class=\"et_pb_column et_pb_column_1_3 et_pb_column_0_tb_footer et_pb_css_mix_blend_mode_passthrough\">\n<div class=\"et_pb_module et_pb_text et_pb_text_0_tb_footer et_pb_text_align_left et_pb_bg_layout_light\">\n<div class=\"et_pb_text_inner\">\n<p>Pia Sch\u00f6nemyr tel 0708-10 82 03, info@vegme.se<\/p>\n<\/div>\n<\/div>\n<\/div>\n<\/div>\n<\/div>\n<\/div>\n<\/footer>\n<\/div>\n<\/div>\n<div class=\"et_pb_module et_pb_toggle et_pb_toggle_0_tb_body custom-toggle et_pb_toggle_item et_pb_toggle_close\"><\/div>","protected":false},"excerpt":{"rendered":"<div class=\"et_pb_module et_pb_wc_description et_pb_wc_description_0_tb_body et_pb_bg_layout_light et_pb_text_align_left\">\n<div class=\"et_pb_module_inner\">\n<p><strong>Artikelnummer<br \/>\nMartin &amp; Servera: Meddelas inom kort<\/strong><\/p>\n<p>Hallon cheesecake<br \/>\nMumsbit 30g<br \/>\nDiameter 30 mm<br \/>\nH\u00f6jd 25 mm<\/p>\n<p>Hallon- och cashwekr\u00e4m som cheesecakebas p\u00e5 en krispig botten av hackad mandel och agave, toppad med en s\u00f6t och h\u00e4rlig hallontopping.<\/p>\n<\/div>\n<\/div>\n<div class=\"et_pb_module et_pb_toggle et_pb_toggle_0_tb_body custom-toggle et_pb_toggle_item et_pb_toggle_close\"><\/div>","protected":false},"featured_media":9135,"comment_status":"open","ping_status":"closed","template":"","meta":{"_et_pb_use_builder":"","_et_pb_old_content":"","_et_gb_content_width":""},"product_brand":[],"product_cat":[61],"product_tag":[],"class_list":{"0":"post-9142","1":"product","2":"type-product","3":"status-publish","4":"has-post-thumbnail","6":"product_cat-sweets","8":"first","9":"instock","10":"shipping-taxable","11":"product-type-simple"},"_links":{"self":[{"href":"https:\/\/vegme.se\/en\/wp-json\/wp\/v2\/product\/9142","targetHints":{"allow":["GET"]}}],"collection":[{"href":"https:\/\/vegme.se\/en\/wp-json\/wp\/v2\/product"}],"about":[{"href":"https:\/\/vegme.se\/en\/wp-json\/wp\/v2\/types\/product"}],"replies":[{"embeddable":true,"href":"https:\/\/vegme.se\/en\/wp-json\/wp\/v2\/comments?post=9142"}],"wp:featuredmedia":[{"embeddable":true,"href":"https:\/\/vegme.se\/en\/wp-json\/wp\/v2\/media\/9135"}],"wp:attachment":[{"href":"https:\/\/vegme.se\/en\/wp-json\/wp\/v2\/media?parent=9142"}],"wp:term":[{"taxonomy":"product_brand","embeddable":true,"href":"https:\/\/vegme.se\/en\/wp-json\/wp\/v2\/product_brand?post=9142"},{"taxonomy":"product_cat","embeddable":true,"href":"https:\/\/vegme.se\/en\/wp-json\/wp\/v2\/product_cat?post=9142"},{"taxonomy":"product_tag","embeddable":true,"href":"https:\/\/vegme.se\/en\/wp-json\/wp\/v2\/product_tag?post=9142"}],"curies":[{"name":"wp","href":"https:\/\/api.w.org\/{rel}","templated":true}]}}