{"id":9143,"date":"2026-01-14T13:30:06","date_gmt":"2026-01-14T12:30:06","guid":{"rendered":"https:\/\/vegme.se\/?post_type=product&#038;p=9143"},"modified":"2026-01-14T13:54:37","modified_gmt":"2026-01-14T12:54:37","slug":"mango-cheesecake-mumsbit-30g","status":"publish","type":"product","link":"https:\/\/vegme.se\/en\/sortiment\/mango-cheesecake-mumsbit-30g\/","title":{"rendered":"Mango cheesecake mumsbit 30g"},"content":{"rendered":"<p>Ingredienser: agave , cashewn\u00f6tter , vanilj , mandel , kokosolja , mangomassa , salt , citronsaft, agar-agar<\/p>\n<p>N\u00e4ringsv\u00e4rde per 100g:<br \/>\nEnergi 260 kcal<br \/>\nFett 20 g<br \/>\nvarav m\u00e4ttat fett 7g<br \/>\nKolhydrat 27g<br \/>\nvarav sockerarter 10g<br \/>\nprotein 10g<\/p>\n<p>Frysvara<br \/>\nUpptining: 30 minuter i kyl eller 10 min i rumstemperatur<br \/>\nH\u00e5llbarhet: I frys 365 dagar, upptinad i kyl 4 dagar<br \/>\nPlantbaserad<br \/>\nFritt fr\u00e5n: gluten, raffinerat socker, \u00e4gg, mj\u00f6lk<\/p>\n<p>&nbsp;<\/p>\n<p>&nbsp;<\/p>\n<p>&nbsp;<\/p>","protected":false},"excerpt":{"rendered":"<p><strong><span style=\"text-decoration: underline;\">Artikelnummer<br \/>\n<\/span>Martin &amp; Servera: Meddelas inom kort<\/strong><\/p>\n<p>Mango cheesecake<br \/>\nMumsbit 30g<br \/>\nDiameter 30 mm<br \/>\nH\u00f6jd 25 mm<\/p>\n<p>Mango- och cashwekr\u00e4m som cheesecakebas p\u00e5 en krispig botten av hackad mandel och agave, toppad med en s\u00f6t och h\u00e4rlig mangotopping.<\/p>","protected":false},"featured_media":9134,"comment_status":"open","ping_status":"closed","template":"","meta":{"_et_pb_use_builder":"","_et_pb_old_content":"","_et_gb_content_width":""},"product_brand":[],"product_cat":[61],"product_tag":[],"class_list":{"0":"post-9143","1":"product","2":"type-product","3":"status-publish","4":"has-post-thumbnail","6":"product_cat-sweets","8":"first","9":"instock","10":"shipping-taxable","11":"product-type-simple"},"_links":{"self":[{"href":"https:\/\/vegme.se\/en\/wp-json\/wp\/v2\/product\/9143","targetHints":{"allow":["GET"]}}],"collection":[{"href":"https:\/\/vegme.se\/en\/wp-json\/wp\/v2\/product"}],"about":[{"href":"https:\/\/vegme.se\/en\/wp-json\/wp\/v2\/types\/product"}],"replies":[{"embeddable":true,"href":"https:\/\/vegme.se\/en\/wp-json\/wp\/v2\/comments?post=9143"}],"wp:featuredmedia":[{"embeddable":true,"href":"https:\/\/vegme.se\/en\/wp-json\/wp\/v2\/media\/9134"}],"wp:attachment":[{"href":"https:\/\/vegme.se\/en\/wp-json\/wp\/v2\/media?parent=9143"}],"wp:term":[{"taxonomy":"product_brand","embeddable":true,"href":"https:\/\/vegme.se\/en\/wp-json\/wp\/v2\/product_brand?post=9143"},{"taxonomy":"product_cat","embeddable":true,"href":"https:\/\/vegme.se\/en\/wp-json\/wp\/v2\/product_cat?post=9143"},{"taxonomy":"product_tag","embeddable":true,"href":"https:\/\/vegme.se\/en\/wp-json\/wp\/v2\/product_tag?post=9143"}],"curies":[{"name":"wp","href":"https:\/\/api.w.org\/{rel}","templated":true}]}}