{"id":9144,"date":"2026-01-14T13:26:01","date_gmt":"2026-01-14T12:26:01","guid":{"rendered":"https:\/\/vegme.se\/?post_type=product&#038;p=9144"},"modified":"2026-01-14T13:26:06","modified_gmt":"2026-01-14T12:26:06","slug":"semifreddo-hasselnot-mumsbit-30g","status":"publish","type":"product","link":"https:\/\/vegme.se\/en\/sortiment\/semifreddo-hasselnot-mumsbit-30g\/","title":{"rendered":"Semifreddo hasseln\u00f6t mumsbit 30g"},"content":{"rendered":"<p>Ingredienser: Agave , cashewn\u00f6tter , kakaosm\u00f6r , hasseln\u00f6tter , kokosolja , kakaomassa ,kokossocker<\/p>\n<p>N\u00e4ringsv\u00e4rde per 100g:<br \/>\nEnergi 488 kcal<br \/>\nFett 40g<br \/>\nvarav m\u00e4ttat fett 10g<br \/>\nKolhydrat 21g<br \/>\nvarav sockerarter 18g<br \/>\nfiber 1,2g<br \/>\nprotein 10g<\/p>\n<p>Frysvara<br \/>\nUpptining: 60 minuter i kyl eller 30 min i rumstemperatur<br \/>\nH\u00e5llbarhet: I frys 365 dagar, upptinad i kyl 4 dagar<br \/>\nPlantbaserad<br \/>\nFritt fr\u00e5n: gluten, raffinerat socker, \u00e4gg, mj\u00f6lk,<\/p>","protected":false},"excerpt":{"rendered":"<p><strong><span style=\"text-decoration: underline;\">Artikelnummer<br \/>\n<\/span>Martin &amp; Servera: Meddelas inom kort<br \/>\n<\/strong>Hasseln\u00f6t semifreddo<br \/>\nPortionsdessert 30g<br \/>\nDiameter 30 mm<br \/>\nH\u00f6jd 25 mm<\/p>\n<p>Den perfekta mumsbiten f\u00f6r hasseln\u00f6t\u00e4lskare, sammansatt av 3 konsistenser, den knapriga basen, hasseln\u00f6tskr\u00e4m och chokladt\u00e4cket. Hasseln\u00f6tter och cashewn\u00f6tter utg\u00f6r basen i desserten tillsammans med en s\u00f6t hasseln\u00f6tskr\u00e4m som sedan full\u00e4ndas av ett sista lager m\u00f6rk choklad.<\/p>","protected":false},"featured_media":9133,"comment_status":"open","ping_status":"closed","template":"","meta":{"_et_pb_use_builder":"","_et_pb_old_content":"","_et_gb_content_width":""},"product_brand":[],"product_cat":[61],"product_tag":[],"class_list":{"0":"post-9144","1":"product","2":"type-product","3":"status-publish","4":"has-post-thumbnail","6":"product_cat-sweets","8":"first","9":"instock","10":"shipping-taxable","11":"product-type-simple"},"_links":{"self":[{"href":"https:\/\/vegme.se\/en\/wp-json\/wp\/v2\/product\/9144","targetHints":{"allow":["GET"]}}],"collection":[{"href":"https:\/\/vegme.se\/en\/wp-json\/wp\/v2\/product"}],"about":[{"href":"https:\/\/vegme.se\/en\/wp-json\/wp\/v2\/types\/product"}],"replies":[{"embeddable":true,"href":"https:\/\/vegme.se\/en\/wp-json\/wp\/v2\/comments?post=9144"}],"wp:featuredmedia":[{"embeddable":true,"href":"https:\/\/vegme.se\/en\/wp-json\/wp\/v2\/media\/9133"}],"wp:attachment":[{"href":"https:\/\/vegme.se\/en\/wp-json\/wp\/v2\/media?parent=9144"}],"wp:term":[{"taxonomy":"product_brand","embeddable":true,"href":"https:\/\/vegme.se\/en\/wp-json\/wp\/v2\/product_brand?post=9144"},{"taxonomy":"product_cat","embeddable":true,"href":"https:\/\/vegme.se\/en\/wp-json\/wp\/v2\/product_cat?post=9144"},{"taxonomy":"product_tag","embeddable":true,"href":"https:\/\/vegme.se\/en\/wp-json\/wp\/v2\/product_tag?post=9144"}],"curies":[{"name":"wp","href":"https:\/\/api.w.org\/{rel}","templated":true}]}}