{"id":9145,"date":"2026-01-14T13:37:56","date_gmt":"2026-01-14T12:37:56","guid":{"rendered":"https:\/\/vegme.se\/?post_type=product&#038;p=9145"},"modified":"2026-01-14T13:56:39","modified_gmt":"2026-01-14T12:56:39","slug":"hallon-cheesecake-90g","status":"publish","type":"product","link":"https:\/\/vegme.se\/en\/sortiment\/hallon-cheesecake-90g\/","title":{"rendered":"Hallon cheesecake 90g"},"content":{"rendered":"<p><strong>Artikelnummer<br \/>\nMartin &amp; Servera: Meddelas inom kort<\/strong><\/p>\n<p>Hallon cheesecake<br \/>\nMumsbit 90g<br \/>\nDiameter 60 mm<br \/>\nH\u00f6jd 60 mm<\/p>\n<p>Hallon- och cashwekr\u00e4m som cheesecakebas p\u00e5 en krispig botten av hackad mandel och agave, toppad med en s\u00f6t och h\u00e4rlig hallontopping.<\/p>","protected":false},"excerpt":{"rendered":"<p>Hallon cheesekcake mumsbit med topping av hallon<br \/>\nPortionsdessert 90g<br \/>\nDiameter 60 mm<br \/>\nH\u00f6jd 60 mm<\/p>\n<h5 class=\"et_pb_toggle_title\">Ingredienser och Beskrivning<\/h5>\n<div class=\"et_pb_toggle_content clearfix\">\n<div class=\"woocommerce et-dynamic-content-woo et-dynamic-content-woo--product_description\">\n<p><strong>Artikelnummer<br \/>\nMartin &amp; Servera: Meddelas inom kort<\/strong><\/p>\n<p>Hallon cheesecake<br \/>\nMumsbit 90g<br \/>\nDiameter 60 mm<br \/>\nH\u00f6jd 60 mm<\/p>\n<p>Hallon- och cashwekr\u00e4m som cheesecakebas p\u00e5 en krispig botten av hackad mandel och agave, toppad med en s\u00f6t och h\u00e4rlig hallontopping.<\/p>\n<\/div>\n<\/div>","protected":false},"featured_media":8008,"comment_status":"open","ping_status":"closed","template":"","meta":{"_et_pb_use_builder":"","_et_pb_old_content":"","_et_gb_content_width":""},"product_brand":[],"product_cat":[61],"product_tag":[],"class_list":{"0":"post-9145","1":"product","2":"type-product","3":"status-publish","4":"has-post-thumbnail","6":"product_cat-sweets","8":"first","9":"instock","10":"shipping-taxable","11":"product-type-simple"},"_links":{"self":[{"href":"https:\/\/vegme.se\/en\/wp-json\/wp\/v2\/product\/9145","targetHints":{"allow":["GET"]}}],"collection":[{"href":"https:\/\/vegme.se\/en\/wp-json\/wp\/v2\/product"}],"about":[{"href":"https:\/\/vegme.se\/en\/wp-json\/wp\/v2\/types\/product"}],"replies":[{"embeddable":true,"href":"https:\/\/vegme.se\/en\/wp-json\/wp\/v2\/comments?post=9145"}],"wp:featuredmedia":[{"embeddable":true,"href":"https:\/\/vegme.se\/en\/wp-json\/wp\/v2\/media\/8008"}],"wp:attachment":[{"href":"https:\/\/vegme.se\/en\/wp-json\/wp\/v2\/media?parent=9145"}],"wp:term":[{"taxonomy":"product_brand","embeddable":true,"href":"https:\/\/vegme.se\/en\/wp-json\/wp\/v2\/product_brand?post=9145"},{"taxonomy":"product_cat","embeddable":true,"href":"https:\/\/vegme.se\/en\/wp-json\/wp\/v2\/product_cat?post=9145"},{"taxonomy":"product_tag","embeddable":true,"href":"https:\/\/vegme.se\/en\/wp-json\/wp\/v2\/product_tag?post=9145"}],"curies":[{"name":"wp","href":"https:\/\/api.w.org\/{rel}","templated":true}]}}